{"id":743,"date":"2025-03-20T20:29:48","date_gmt":"2025-03-20T20:29:48","guid":{"rendered":"https:\/\/co-nam.com\/estatus-nam\/"},"modified":"2025-06-17T21:34:36","modified_gmt":"2025-06-17T21:34:36","slug":"estatus-nam","status":"publish","type":"page","link":"https:\/\/co-nam.com\/es\/estatus-nam\/","title":{"rendered":"ESTATUS NAM"},"content":{"rendered":"<p>[et_pb_section fb_built=\u00bb1&#8243; admin_label=\u00bbAbout\u00bb _builder_version=\u00bb4.27.4&#8243; _module_preset=\u00bbdefault\u00bb use_background_color_gradient=\u00bbon\u00bb background_color_gradient_stops=\u00bbrgba(25,9,5,0.5) 0%|rgba(0,0,0,0) 99%\u00bb background_image=\u00bbhttps:\/\/co-nam.com\/wp-content\/uploads\/2025\/03\/IMG_4389.jpg\u00bb background_blend=\u00bboverlay\u00bb background_enable_video_mp4=\u00bboff\u00bb custom_margin=\u00bb-5px|||||\u00bb custom_padding=\u00bb5vw||5vw||true|false\u00bb collapsed=\u00bbon\u00bb global_colors_info=\u00bb{}\u00bb][et_pb_row _builder_version=\u00bb4.27.4&#8243; _module_preset=\u00bbdefault\u00bb global_colors_info=\u00bb{}\u00bb][et_pb_column type=\u00bb4_4&#8243; _builder_version=\u00bb4.24.1&#8243; _module_preset=\u00bbdefault\u00bb global_colors_info=\u00bb{}\u00bb][et_pb_heading title=\u00bbESTATUS DE NAM\u00bb _builder_version=\u00bb4.27.4&#8243; _module_preset=\u00bbdefault\u00bb title_font=\u00bb&#8211;et_global_heading_font|800|||||||\u00bb title_text_align=\u00bbcenter\u00bb title_text_color=\u00bb#FFFFFF\u00bb title_font_size=\u00bb100px\u00bb custom_margin=\u00bb||7px|||\u00bb title_font_size_tablet=\u00bb100px\u00bb title_font_size_phone=\u00bb32px\u00bb title_font_size_last_edited=\u00bbon|phone\u00bb global_colors_info=\u00bb{}\u00bb][\/et_pb_heading][\/et_pb_column][\/et_pb_row][\/et_pb_section][et_pb_section fb_built=\u00bb1&#8243; admin_label=\u00bbPrograms\u00bb _builder_version=\u00bb4.25.1&#8243; _module_preset=\u00bb_initial\u00bb custom_padding=\u00bb||15px|||\u00bb collapsed=\u00bbon\u00bb global_colors_info=\u00bb{}\u00bb][et_pb_row _builder_version=\u00bb4.25.1&#8243; _module_preset=\u00bbdefault\u00bb global_colors_info=\u00bb{}\u00bb][et_pb_column type=\u00bb4_4&#8243; _builder_version=\u00bb4.25.1&#8243; _module_preset=\u00bb_initial\u00bb global_colors_info=\u00bb{}\u00bb][et_pb_text _builder_version=\u00bb4.27.4&#8243; _module_preset=\u00bbf6648b00-756c-4f1e-9643-946bb68e231c\u00bb text_font=\u00bb&#8211;et_global_heading_font||||||||\u00bb text_text_color=\u00bb#000000&#8243; header_text_color=\u00bb#000000&#8243; header_font_size_tablet=\u00bb\u00bb header_font_size_phone=\u00bb14px\u00bb header_font_size_last_edited=\u00bbon|phone\u00bb global_colors_info=\u00bb{}\u00bb]<\/p>\n<p data-start=\"33\" data-end=\"240\"><span><strong>Antes<\/strong> de completar este formulario de solicitud de Estatus de Misiones Norteamericanas, por favor aseg\u00farese de haber le\u00eddo detenidamente el Formulario de Pol\u00edticas del Distrito de Colorado haciendo clic en el bot\u00f3n a continuaci\u00f3n<\/span><\/p>\n<p data-start=\"33\" data-end=\"240\"><span>Cont\u00e1ctenos si tiene alguna pregunta. Una vez que haya le\u00eddo dicho documento, si\u00e9ntase libre de enviar su solicitud en l\u00ednea aqu\u00ed. <\/span><\/p>\n<p>[\/et_pb_text][et_pb_button button_url=\u00bbhttps:\/\/co-nam.com\/wp-content\/uploads\/2025\/03\/Colorado-NAM-Policy-Master.pdf\u00bb url_new_window=\u00bbon\u00bb button_text=\u00bbPol\u00edtica\u00bb button_alignment=\u00bbcenter\u00bb _builder_version=\u00bb4.27.4&#8243; _module_preset=\u00bbdefault\u00bb custom_button=\u00bbon\u00bb button_text_color=\u00bb#FFFFFF\u00bb button_bg_color=\u00bb#070707&#8243; button_border_radius=\u00bb50px\u00bb custom_margin=\u00bb28px||2px|||\u00bb hover_enabled=\u00bb0&#8243; global_colors_info=\u00bb{}\u00bb sticky_enabled=\u00bb0&#8243;][\/et_pb_button][\/et_pb_column][\/et_pb_row][\/et_pb_section][et_pb_section fb_built=\u00bb1&#8243; _builder_version=\u00bb4.27.4&#8243; _module_preset=\u00bbdefault\u00bb global_colors_info=\u00bb{}\u00bb][et_pb_row _builder_version=\u00bb4.27.4&#8243; _module_preset=\u00bbdefault\u00bb global_colors_info=\u00bb{}\u00bb][et_pb_column type=\u00bb4_4&#8243; _builder_version=\u00bb4.27.4&#8243; _module_preset=\u00bbdefault\u00bb global_colors_info=\u00bb{}\u00bb][et_pb_code _builder_version=\u00bb4.27.4&#8243; _module_preset=\u00bbdefault\u00bb global_colors_info=\u00bb{}\u00bb]<!-- Elfsight Form Builder | NAM Status --><!-- [et_pb_line_break_holder] --><script src=\"https:\/\/static.elfsight.com\/platform\/platform.js\" async=\"\"><\/script><!-- [et_pb_line_break_holder] --><\/p>\n<div class=\"elfsight-app-60716397-2ec5-4a2f-a60d-4db53ae63b8a\" data-elfsight-app-lazy=\"\"><\/div>\n<p>[\/et_pb_code][\/et_pb_column][\/et_pb_row][\/et_pb_section]<\/p>\n","protected":false},"excerpt":{"rendered":"<p>Antes de completar este formulario de solicitud de Estatus de Misiones Norteamericanas, por favor aseg\u00farese de haber le\u00eddo detenidamente el Formulario de Pol\u00edticas del Distrito de Colorado haciendo clic en el bot\u00f3n a continuaci\u00f3n Cont\u00e1ctenos si tiene alguna pregunta. Una vez que haya le\u00eddo dicho documento, si\u00e9ntase libre de enviar su solicitud en l\u00ednea aqu\u00ed.<\/p>\n","protected":false},"author":1,"featured_media":0,"parent":0,"menu_order":0,"comment_status":"closed","ping_status":"closed","template":"","meta":{"_et_pb_use_builder":"on","_et_pb_old_content":"","_et_gb_content_width":"","footnotes":""},"class_list":["post-743","page","type-page","status-publish","hentry"],"_links":{"self":[{"href":"https:\/\/co-nam.com\/es\/wp-json\/wp\/v2\/pages\/743","targetHints":{"allow":["GET"]}}],"collection":[{"href":"https:\/\/co-nam.com\/es\/wp-json\/wp\/v2\/pages"}],"about":[{"href":"https:\/\/co-nam.com\/es\/wp-json\/wp\/v2\/types\/page"}],"author":[{"embeddable":true,"href":"https:\/\/co-nam.com\/es\/wp-json\/wp\/v2\/users\/1"}],"replies":[{"embeddable":true,"href":"https:\/\/co-nam.com\/es\/wp-json\/wp\/v2\/comments?post=743"}],"version-history":[{"count":2,"href":"https:\/\/co-nam.com\/es\/wp-json\/wp\/v2\/pages\/743\/revisions"}],"predecessor-version":[{"id":745,"href":"https:\/\/co-nam.com\/es\/wp-json\/wp\/v2\/pages\/743\/revisions\/745"}],"wp:attachment":[{"href":"https:\/\/co-nam.com\/es\/wp-json\/wp\/v2\/media?parent=743"}],"curies":[{"name":"wp","href":"https:\/\/api.w.org\/{rel}","templated":true}]}}