{"id":788,"date":"2025-03-07T12:58:06","date_gmt":"2025-03-07T12:58:06","guid":{"rendered":"https:\/\/co-nam.com\/afiliacion\/"},"modified":"2025-06-17T21:35:04","modified_gmt":"2025-06-17T21:35:04","slug":"afiliacion","status":"publish","type":"page","link":"https:\/\/co-nam.com\/es\/afiliacion\/","title":{"rendered":"Afiliaci\u00f3n"},"content":{"rendered":"<p>[et_pb_section fb_built=\u00bb1&#8243; admin_label=\u00bbHeader\u00bb _builder_version=\u00bb4.27.4&#8243; _module_preset=\u00bbb223e660-f5b0-48a7-9bb4-90721315e1ad\u00bb background_image=\u00bbhttps:\/\/co-nam.com\/wp-content\/uploads\/2025\/03\/Serene_Blue_Mountain_Lake_original_1486415-scaled.jpg\u00bb background_enable_image=\u00bbon\u00bb hover_enabled=\u00bb0&#8243; collapsed=\u00bbon\u00bb global_colors_info=\u00bb{%22gcid-1f1bf5fb-a99d-4acc-8d9e-ddac074c158c%22:%91%22background_color_gradient_stops%22,%22background_color_gradient_stops%22%93,%22gcid-4c79ba3d-a281-4fb6-9b14-02f9a4c793f2%22:%91%22background_color_gradient_stops%22,%22background_color_gradient_stops%22%93,%22gcid-688c464a-d6f2-4296-b592-395352c71c79%22:%91%22background_color_gradient_stops%22,%22background_color_gradient_stops%22%93,%22gcid-d119accd-44d7-4f2f-b9d7-599c8463324b%22:%91%22background_color_gradient_stops%22,%22background_color_gradient_stops%22%93}\u00bb use_background_color_gradient=\u00bboff\u00bb sticky_enabled=\u00bb0&#8243;][et_pb_row _builder_version=\u00bb4.25.1&#8243; _module_preset=\u00bbdefault\u00bb global_colors_info=\u00bb{}\u00bb][et_pb_column type=\u00bb4_4&#8243; _builder_version=\u00bb4.25.1&#8243; _module_preset=\u00bbdefault\u00bb global_colors_info=\u00bb{}\u00bb][et_pb_heading title=\u00bbAfiliaci\u00f3n\u00bb _builder_version=\u00bb4.27.4&#8243; _module_preset=\u00bb5541d081-13ab-4637-8d13-f9f45070e951&#8243; title_text_align=\u00bbcenter\u00bb custom_margin=\u00bb||10px||false|false\u00bb hover_enabled=\u00bb0&#8243; global_colors_info=\u00bb{}\u00bb sticky_enabled=\u00bb0&#8243; title_font=\u00bbUrbanist|800|||||||\u00bb title_text_color=\u00bb#FFFFFF\u00bb][\/et_pb_heading][\/et_pb_column][\/et_pb_row][et_pb_row column_structure=\u00bb1_3,1_3,1_3&#8243; make_equal=\u00bbon\u00bb _builder_version=\u00bb4.25.2&#8243; _module_preset=\u00bbdefault\u00bb global_colors_info=\u00bb{}\u00bb][et_pb_column type=\u00bb1_3&#8243; _builder_version=\u00bb4.25.2&#8243; _module_preset=\u00bbfe4c7166-df75-4f3b-91dd-6a3235ae5433&#8243; global_colors_info=\u00bb{}\u00bb][et_pb_heading title=\u00bbUPCI\u00bb _builder_version=\u00bb4.27.4&#8243; _module_preset=\u00bb5541d081-13ab-4637-8d13-f9f45070e951&#8243; title_font=\u00bbUrbanist|900|||||||\u00bb title_text_align=\u00bbcenter\u00bb custom_margin=\u00bb||10px||false|false\u00bb global_colors_info=\u00bb{}\u00bb][\/et_pb_heading][et_pb_text _builder_version=\u00bb4.27.4&#8243; _module_preset=\u00bb5fdc0e4b-b38e-4cba-b2c4-b1f445af4866&#8243; global_colors_info=\u00bb{}\u00bb]<\/p>\n<p><span>Las Misiones Norteamericanas de Colorado y las Misiones Norteamericanas Nacionales son ambos ministerios de la organizaci\u00f3n internacional de la Iglesia Pentecostal Unida (UPCI). Para obtener m\u00e1s informaci\u00f3n sobre la misi\u00f3n y los valores de la UPCI. <\/span><\/p>\n<p>[\/et_pb_text][et_pb_button button_text=\u00bbExplore aqu\u00ed\u00bb button_alignment=\u00bbcenter\u00bb _builder_version=\u00bb4.27.4&#8243; _module_preset=\u00bbee1d9d3b-321f-4f7d-8e90-ad39614a24b1&#8243; hover_enabled=\u00bb0&#8243; custom_css_main_element=\u00bbwidth: 100%\u00bb global_colors_info=\u00bb{}\u00bb button_text_color=\u00bb#000000&#8243; button_url=\u00bbhttps:\/\/upci.org\u00bb url_new_window=\u00bbon\u00bb sticky_enabled=\u00bb0&#8243;][\/et_pb_button][\/et_pb_column][et_pb_column type=\u00bb1_3&#8243; _builder_version=\u00bb4.25.2&#8243; _module_preset=\u00bb7ca49750-fc9c-4472-8004-9229c9f246c8&#8243; global_colors_info=\u00bb{%22gcid-4c79ba3d-a281-4fb6-9b14-02f9a4c793f2%22:%91%22background_color%22%93}\u00bb][et_pb_heading title=\u00bbNAM\u00bb _builder_version=\u00bb4.27.4&#8243; _module_preset=\u00bb5541d081-13ab-4637-8d13-f9f45070e951&#8243; title_font=\u00bbUrbanist|900|||||||\u00bb title_text_align=\u00bbcenter\u00bb title_text_color=\u00bb#FFFFFF\u00bb custom_margin=\u00bb||10px||false|false\u00bb global_colors_info=\u00bb{}\u00bb][\/et_pb_heading][et_pb_text _builder_version=\u00bb4.27.4&#8243; _module_preset=\u00bb7d752fef-b072-4406-a3a5-ed61cf56131a\u00bb global_colors_info=\u00bb{}\u00bb]<\/p>\n<p>Las Misiones Norteamericanas Nacionales son un centro de recursos, capacitaci\u00f3n y planificaci\u00f3n que ayuda a equipar a la naci\u00f3n para plantar, edificar y hacer crecer iglesias, difundiendo el evangelio al mundo. <\/p>\n<p>[\/et_pb_text][et_pb_button button_text=\u00bbM\u00e1s informaci\u00f3n\u00bb button_alignment=\u00bbcenter\u00bb _builder_version=\u00bb4.27.4&#8243; _module_preset=\u00bbee1d9d3b-321f-4f7d-8e90-ad39614a24b1&#8243; hover_enabled=\u00bb0&#8243; custom_css_main_element=\u00bbwidth: 100%\u00bb global_colors_info=\u00bb{}\u00bb button_url=\u00bbhttps:\/\/www.northamericanmissions.faith\u00bb url_new_window=\u00bbon\u00bb sticky_enabled=\u00bb0&#8243;][\/et_pb_button][\/et_pb_column][et_pb_column type=\u00bb1_3&#8243; _builder_version=\u00bb4.25.1&#8243; _module_preset=\u00bbdefault\u00bb global_colors_info=\u00bb{}\u00bb][et_pb_image src=\u00bbhttps:\/\/co-nam.com\/wp-content\/uploads\/2025\/03\/Unknown.jpeg\u00bb title_text=\u00bbDesconocido\u00bb _builder_version=\u00bb4.27.4&#8243; _module_preset=\u00bbc984e55c-31d3-46d6-aec6-5f3f15c318ae\u00bb hover_enabled=\u00bb0&#8243; global_colors_info=\u00bb{}\u00bb sticky_enabled=\u00bb0&#8243;][\/et_pb_image][\/et_pb_column][\/et_pb_row][\/et_pb_section]<\/p>\n","protected":false},"excerpt":{"rendered":"<p>Las Misiones Norteamericanas de Colorado y las Misiones Norteamericanas Nacionales son ambos ministerios de la organizaci\u00f3n internacional de la Iglesia Pentecostal Unida (UPCI). Para obtener m\u00e1s informaci\u00f3n sobre la misi\u00f3n y los valores de la UPCI. Las Misiones Norteamericanas Nacionales son un centro de recursos, capacitaci\u00f3n y planificaci\u00f3n que ayuda a equipar a la naci\u00f3n [&hellip;]<\/p>\n","protected":false},"author":1,"featured_media":0,"parent":0,"menu_order":0,"comment_status":"closed","ping_status":"closed","template":"","meta":{"_et_pb_use_builder":"on","_et_pb_old_content":"","_et_gb_content_width":"","footnotes":""},"class_list":["post-788","page","type-page","status-publish","hentry"],"_links":{"self":[{"href":"https:\/\/co-nam.com\/es\/wp-json\/wp\/v2\/pages\/788","targetHints":{"allow":["GET"]}}],"collection":[{"href":"https:\/\/co-nam.com\/es\/wp-json\/wp\/v2\/pages"}],"about":[{"href":"https:\/\/co-nam.com\/es\/wp-json\/wp\/v2\/types\/page"}],"author":[{"embeddable":true,"href":"https:\/\/co-nam.com\/es\/wp-json\/wp\/v2\/users\/1"}],"replies":[{"embeddable":true,"href":"https:\/\/co-nam.com\/es\/wp-json\/wp\/v2\/comments?post=788"}],"version-history":[{"count":2,"href":"https:\/\/co-nam.com\/es\/wp-json\/wp\/v2\/pages\/788\/revisions"}],"predecessor-version":[{"id":790,"href":"https:\/\/co-nam.com\/es\/wp-json\/wp\/v2\/pages\/788\/revisions\/790"}],"wp:attachment":[{"href":"https:\/\/co-nam.com\/es\/wp-json\/wp\/v2\/media?parent=788"}],"curies":[{"name":"wp","href":"https:\/\/api.w.org\/{rel}","templated":true}]}}