{"id":819,"date":"2025-03-08T12:59:31","date_gmt":"2025-03-08T12:59:31","guid":{"rendered":"https:\/\/co-nam.com\/solicitud-de-subvencion\/"},"modified":"2025-06-17T21:35:49","modified_gmt":"2025-06-17T21:35:49","slug":"solicitud-de-subvencion","status":"publish","type":"page","link":"https:\/\/co-nam.com\/es\/solicitud-de-subvencion\/","title":{"rendered":"Solicitud de subvenci\u00f3n"},"content":{"rendered":"<p>[et_pb_section fb_built=\u00bb1&#8243; admin_label=\u00bbAbout\u00bb _builder_version=\u00bb4.27.4&#8243; _module_preset=\u00bbdefault\u00bb use_background_color_gradient=\u00bbon\u00bb background_color_gradient_stops=\u00bbrgba(25,9,5,0.5) 0%|rgba(0,0,0,0) 99%\u00bb background_image=\u00bbhttps:\/\/co-nam.com\/wp-content\/uploads\/2025\/03\/Waterfall_In_Colorado_Rocky_Mountains_original_1486563-scaled.jpg\u00bb background_blend=\u00bboverlay\u00bb background_enable_video_mp4=\u00bboff\u00bb custom_margin=\u00bb-5px|||||\u00bb custom_padding=\u00bb5vw||5vw||true|false\u00bb hover_enabled=\u00bb0&#8243; collapsed=\u00bbon\u00bb global_colors_info=\u00bb{}\u00bb theme_builder_area=\u00bbpost_content\u00bb title_text=\u00bbWaterfall In Colorado Rocky Mountains\u00bb sticky_enabled=\u00bb0&#8243;][et_pb_row _builder_version=\u00bb4.27.4&#8243; _module_preset=\u00bbdefault\u00bb global_colors_info=\u00bb{}\u00bb theme_builder_area=\u00bbpost_content\u00bb][et_pb_column type=\u00bb4_4&#8243; _builder_version=\u00bb4.24.1&#8243; _module_preset=\u00bbdefault\u00bb global_colors_info=\u00bb{}\u00bb theme_builder_area=\u00bbpost_content\u00bb][et_pb_heading title=\u00bbSolicitud de subvenci\u00f3n\u00bb _builder_version=\u00bb4.27.4&#8243; _module_preset=\u00bbdefault\u00bb title_font=\u00bb&#8211;et_global_heading_font|800|||||||\u00bb title_text_align=\u00bbcenter\u00bb title_text_color=\u00bb#FFFFFF\u00bb title_font_size=\u00bb100px\u00bb custom_margin=\u00bb||7px|||\u00bb hover_enabled=\u00bb0&#8243; title_font_size_tablet=\u00bb100px\u00bb title_font_size_phone=\u00bb32px\u00bb title_font_size_last_edited=\u00bbon|phone\u00bb global_colors_info=\u00bb{}\u00bb theme_builder_area=\u00bbpost_content\u00bb sticky_enabled=\u00bb0&#8243;][\/et_pb_heading][\/et_pb_column][\/et_pb_row][\/et_pb_section][et_pb_section fb_built=\u00bb1&#8243; admin_label=\u00bbPrograms\u00bb _builder_version=\u00bb4.25.1&#8243; _module_preset=\u00bb_initial\u00bb custom_padding=\u00bb||15px|||\u00bb collapsed=\u00bbon\u00bb global_colors_info=\u00bb{}\u00bb theme_builder_area=\u00bbpost_content\u00bb][et_pb_row _builder_version=\u00bb4.25.1&#8243; _module_preset=\u00bbdefault\u00bb global_colors_info=\u00bb{}\u00bb theme_builder_area=\u00bbpost_content\u00bb][et_pb_column type=\u00bb4_4&#8243; _builder_version=\u00bb4.25.1&#8243; _module_preset=\u00bb_initial\u00bb global_colors_info=\u00bb{}\u00bb theme_builder_area=\u00bbpost_content\u00bb][et_pb_text _builder_version=\u00bb4.27.4&#8243; _module_preset=\u00bbf6648b00-756c-4f1e-9643-946bb68e231c\u00bb text_font=\u00bb&#8211;et_global_heading_font||||||||\u00bb text_text_color=\u00bb#000000&#8243; header_text_color=\u00bb#000000&#8243; hover_enabled=\u00bb0&#8243; header_font_size_tablet=\u00bb\u00bb header_font_size_phone=\u00bb14px\u00bb header_font_size_last_edited=\u00bbon|phone\u00bb global_colors_info=\u00bb{}\u00bb theme_builder_area=\u00bbpost_content\u00bb sticky_enabled=\u00bb0&#8243;]<\/p>\n<p data-start=\"25\" data-end=\"262\">Si usted es un pastor del Distrito de Colorado que busca establecer obras, \u00a1est\u00e1 en el lugar correcto! Gracias a sus donaciones a Christmas for Christ (CFC), ahora podemos ofrecer asistencia financiera en cada etapa del proceso de plantaci\u00f3n de iglesias. <\/p>\n<p data-start=\"264\" data-end=\"418\">Estos beneficios est\u00e1n disponibles para todos los pastores calificados del Distrito de Colorado. Por favor, t\u00f3mese unos minutos para revisar las siguientes pautas y requisitos: <\/p>\n<h3 data-start=\"420\" data-end=\"437\"><strong data-start=\"424\" data-end=\"435\">BENEFICIO<\/strong><\/h3>\n<p data-start=\"438\" data-end=\"772\">Este programa de subvenciones est\u00e1 financiado por los pastores del Distrito de Colorado que donan a Christmas for Christ (CFC) y es supervisado por nuestro Comit\u00e9 Ejecutivo de NAM de Colorado. Estas subvenciones brindan a las iglesias establecidas la oportunidad de solicitar apoyo financiero para lanzar Puntos de Predicaci\u00f3n y Obras Hijas dentro del Distrito de Colorado. <\/p>\n<p data-start=\"774\" data-end=\"896\">Los solicitantes calificados recibir\u00e1n una de las siguientes dos subvenciones (usted elegir\u00e1 cu\u00e1l en la solicitud misma):<\/p>\n<ul data-start=\"897\" data-end=\"1022\">\n<li data-start=\"897\" data-end=\"965\"><strong data-start=\"899\" data-end=\"922\">Subvenci\u00f3n para Obra Hija<\/strong> por un monto de <strong data-start=\"940\" data-end=\"950\">$2,038<\/strong> (Hechos 2:38).<\/li>\n<li data-start=\"966\" data-end=\"1022\"><strong data-start=\"968\" data-end=\"993\">Subvenci\u00f3n para Punto de Predicaci\u00f3n<\/strong> por un monto de <strong data-start=\"1011\" data-end=\"1019\">$500<\/strong>.<\/li>\n<\/ul>\n<h3 data-start=\"1024\" data-end=\"1041\"><strong data-start=\"1028\" data-end=\"1039\">PROP\u00d3SITO<\/strong><\/h3>\n<p data-start=\"1042\" data-end=\"1454\">El prop\u00f3sito principal de este programa de subvenciones es alentar y asistir a las iglesias establecidas en el lanzamiento de nuevas obras en ciudades vecinas. La visi\u00f3n de nuestro distrito es, <strong data-start=\"1202\" data-end=\"1253\">\u201cninguna regi\u00f3n dejada atr\u00e1s.\u201d<\/strong> Nuestra esperanza es fomentar el avivamiento y el crecimiento en nuestro distrito mientras compartimos el mensaje de salvaci\u00f3n como se encuentra en Hechos 2:38. Tenemos m\u00e1s de <strong data-start=\"1389\" data-end=\"1411\">5.9 millones de personas<\/strong> por alcanzar en nuestro gran estado de Colorado.  <\/p>\n<h3 data-start=\"1456\" data-end=\"1484\"><strong data-start=\"1460\" data-end=\"1482\">DISPONIBILIDAD DE FONDOS<\/strong><\/h3>\n<p data-start=\"1485\" data-end=\"1723\">La financiaci\u00f3n de este programa se basa en las continuas ofrendas de CFC de los pastores de Colorado. Por lo tanto, los fondos disponibles dirigidos hacia este programa de subvenciones se evaluar\u00e1n anualmente, inmediatamente despu\u00e9s de la conclusi\u00f3n de la temporada de CFC. <\/p>\n<p data-start=\"1725\" data-end=\"1907\">Las subvenciones solo est\u00e1n disponibles si hay fondos en su lugar. Los fondos no est\u00e1n garantizados. Este programa puede ser terminado y\/o los t\u00e9rminos y condiciones alterados en cualquier momento sin previo aviso.  <\/p>\n<h3 data-start=\"1909\" data-end=\"1945\"><strong data-start=\"1913\" data-end=\"1943\">DEFINICI\u00d3N DE PUNTO DE PREDICACI\u00d3N<\/strong><\/h3>\n<p data-start=\"1946\" data-end=\"2076\">Un <strong data-start=\"1948\" data-end=\"1967\">Punto de Predicaci\u00f3n<\/strong> es un servicio programado regularmente, t\u00edpicamente una vez a la semana o al menos una vez al mes, que presenta predicaci\u00f3n.<\/p>\n<ul data-start=\"2077\" data-end=\"2278\">\n<li data-start=\"2077\" data-end=\"2204\">Se distingue de la iglesia madre en ubicaci\u00f3n o idioma y est\u00e1 dise\u00f1ado para alcanzar a personas que actualmente no asisten a la iglesia.<\/li>\n<li data-start=\"2205\" data-end=\"2278\">Est\u00e1 bajo la supervisi\u00f3n general del pastor de la Iglesia Madre.<\/li>\n<\/ul>\n<h3 data-start=\"2280\" data-end=\"2314\"><strong data-start=\"2284\" data-end=\"2312\">DEFINICI\u00d3N DE OBRA HIJA<\/strong><\/h3>\n<p data-start=\"2315\" data-end=\"2413\">Una <strong data-start=\"2317\" data-end=\"2334\">Obra Hija<\/strong> es una congregaci\u00f3n que se ha reunido, en alguna capacidad, durante al menos tres meses.<\/p>\n<ul data-start=\"2414\" data-end=\"2771\">\n<li data-start=\"2414\" data-end=\"2520\">Es el resultado de los esfuerzos concertados de una iglesia madre establecida para plantar una nueva congregaci\u00f3n.<\/li>\n<li data-start=\"2521\" data-end=\"2593\">Celebra al menos un servicio por semana aparte de la iglesia madre.<\/li>\n<li data-start=\"2594\" data-end=\"2667\">Est\u00e1 bajo la supervisi\u00f3n general del pastor de la iglesia madre.<\/li>\n<li data-start=\"2668\" data-end=\"2771\">Una obra hija debe tener la aprobaci\u00f3n del Comit\u00e9 Ejecutivo de Misiones Norteamericanas del distrito.<\/li>\n<\/ul>\n<h3 data-start=\"2773\" data-end=\"2814\"><strong data-start=\"2777\" data-end=\"2812\">CALIFICACIONES Y REQUISITOS<\/strong><\/h3>\n<p data-start=\"2815\" data-end=\"2909\">Un solicitante calificado debe satisfacer los siguientes criterios para ser elegible para recibir una subvenci\u00f3n:<\/p>\n<p data-start=\"2815\" data-end=\"2909\">\n<ul data-start=\"2910\" data-end=\"4172\">\n<li data-start=\"2910\" data-end=\"3250\">La obra debe ser una obra aprobada y reconocida a trav\u00e9s del <strong data-start=\"2973\" data-end=\"2994\">Distrito de Colorado<\/strong> y registrada con la <strong data-start=\"3015\" data-end=\"3036\">Sede de la UPCI<\/strong> mediante un formulario de estado de la iglesia. (<a data-start=\"3064\" data-end=\"3096\" rel=\"noopener\" href=\"#\">Solicitud de Punto de Predicaci\u00f3n<\/a> o <a data-start=\"3100\" data-end=\"3130\" rel=\"noopener\" href=\"#\">Solicitud de Obra Hija<\/a>).<\/li>\n<\/ul>\n<p>[\/et_pb_text][et_pb_button button_url=\u00bbhttps:\/\/co-nam.com\/preaching-point-application\/\u00bb url_new_window=\u00bbon\u00bb button_text=\u00bbSolicitud de punto de predicaci\u00f3n\u00bb button_alignment=\u00bbcenter\u00bb _builder_version=\u00bb4.27.4&#8243; _module_preset=\u00bbdefault\u00bb custom_button=\u00bbon\u00bb button_text_color=\u00bb#FFFFFF\u00bb button_bg_color=\u00bb#070707&#8243; button_border_radius=\u00bb50px\u00bb custom_margin=\u00bb28px||2px|||\u00bb hover_enabled=\u00bb0&#8243; global_colors_info=\u00bb{}\u00bb theme_builder_area=\u00bbpost_content\u00bb sticky_enabled=\u00bb0&#8243;][\/et_pb_button][et_pb_button button_url=\u00bbhttps:\/\/co-nam.com\/wp-content\/uploads\/2025\/03\/Final-CO-NAM-Policy-Master.pdf\u00bb url_new_window=\u00bbon\u00bb button_text=\u00bbSolicitud de obra hija\u00bb button_alignment=\u00bbcenter\u00bb _builder_version=\u00bb4.27.4&#8243; _module_preset=\u00bbdefault\u00bb custom_button=\u00bbon\u00bb button_text_color=\u00bb#FFFFFF\u00bb button_bg_color=\u00bb#070707&#8243; button_border_radius=\u00bb50px\u00bb custom_margin=\u00bb28px||2px|||\u00bb hover_enabled=\u00bb0&#8243; global_colors_info=\u00bb{}\u00bb theme_builder_area=\u00bbpost_content\u00bb sticky_enabled=\u00bb0&#8243;][\/et_pb_button][\/et_pb_column][\/et_pb_row][et_pb_row _builder_version=\u00bb4.27.4&#8243; _module_preset=\u00bbdefault\u00bb theme_builder_area=\u00bbpost_content\u00bb][et_pb_column _builder_version=\u00bb4.27.4&#8243; _module_preset=\u00bbdefault\u00bb type=\u00bb4_4&#8243; theme_builder_area=\u00bbpost_content\u00bb][et_pb_text _builder_version=\u00bb4.27.4&#8243; _module_preset=\u00bbdefault\u00bb theme_builder_area=\u00bbpost_content\u00bb hover_enabled=\u00bb0&#8243; sticky_enabled=\u00bb0&#8243;]<\/p>\n<ul data-start=\"2910\" data-end=\"4172\">\n<li data-start=\"2910\" data-end=\"3250\">Si no est\u00e1 seguro de las diferencias entre estas etapas de plantaci\u00f3n de iglesias, por favor revise nuestra pol\u00edtica de distrito.<\/li>\n<li data-start=\"3251\" data-end=\"3414\">La <strong data-start=\"3257\" data-end=\"3274\">Iglesia Madre<\/strong> debe ser una partidaria de <strong data-start=\"3298\" data-end=\"3325\">Misiones Norteamericanas<\/strong>, tanto en misi\u00f3n como en donaciones a <strong data-start=\"3360\" data-end=\"3367\">CFC<\/strong> (m\u00e1s de $800 en los \u00faltimos dos a\u00f1os).<\/li>\n<li data-start=\"3415\" data-end=\"3535\">La obra debe tener un <strong data-start=\"3438\" data-end=\"3504\">contrato de arrendamiento firmado, contrato de alquiler de espacio, o un espacio claramente establecido<\/strong> donde se llevar\u00e1n a cabo los servicios.<\/li>\n<li data-start=\"3536\" data-end=\"3638\">Una <strong data-start=\"3540\" data-end=\"3566\">fecha de lanzamiento solidificada<\/strong> para cuando comenzar\u00e1 la nueva obra (si a\u00fan no se ha lanzado).<\/li>\n<li data-start=\"3639\" data-end=\"3761\">Las solicitudes est\u00e1n sujetas a revisi\u00f3n y aprobaci\u00f3n por parte del <strong data-start=\"3696\" data-end=\"3722\">Comit\u00e9 de NAM de Colorado<\/strong> y la <strong data-start=\"3731\" data-end=\"3758\">Junta del Distrito de Colorado<\/strong>.<\/li>\n<li data-start=\"3762\" data-end=\"3982\">Esta subvenci\u00f3n est\u00e1 disponible <strong data-start=\"3788\" data-end=\"3814\">una vez por cada nueva obra<\/strong> que una iglesia planta. La iglesia madre puede recibir esta subvenci\u00f3n para cada obra, en cada ubicaci\u00f3n, que planta. Se requiere una nueva solicitud con cada plantaci\u00f3n de iglesia.  <\/li>\n<li data-start=\"3983\" data-end=\"4172\">Estos fondos <strong data-start=\"4001\" data-end=\"4053\">no est\u00e1n destinados para obras de campus\/campus sat\u00e9lites<\/strong> sino que est\u00e1n destinados para obras nuevas o m\u00e1s recientes donde el pastor de la iglesia madre tiene una visi\u00f3n para una nueva obra <strong data-start=\"4146\" data-end=\"4164\">autogobernada<\/strong>.<\/li>\n<\/ul>\n<p data-start=\"4174\" data-end=\"4259\" data-is-last-node=\"\" data-is-only-node=\"\">Esperamos con anhelo ver iglesias plantadas y el evangelio difundido por todo Colorado.<\/p>\n<p>[\/et_pb_text][\/et_pb_column][\/et_pb_row][\/et_pb_section][et_pb_section fb_built=\u00bb1&#8243; _builder_version=\u00bb4.27.4&#8243; _module_preset=\u00bbdefault\u00bb global_colors_info=\u00bb{}\u00bb theme_builder_area=\u00bbpost_content\u00bb][et_pb_row _builder_version=\u00bb4.27.4&#8243; _module_preset=\u00bbdefault\u00bb global_colors_info=\u00bb{}\u00bb theme_builder_area=\u00bbpost_content\u00bb][et_pb_column type=\u00bb4_4&#8243; _builder_version=\u00bb4.27.4&#8243; _module_preset=\u00bbdefault\u00bb global_colors_info=\u00bb{}\u00bb theme_builder_area=\u00bbpost_content\u00bb][et_pb_code _builder_version=\u00bb4.27.4&#8243; _module_preset=\u00bbdefault\u00bb hover_enabled=\u00bb0&#8243; global_colors_info=\u00bb{}\u00bb theme_builder_area=\u00bbpost_content\u00bb sticky_enabled=\u00bb0&#8243;]<!-- Elfsight Form Builder | Grant Application --><!-- [et_pb_line_break_holder] --><script src=\"https:\/\/static.elfsight.com\/platform\/platform.js\" async=\"\"><\/script><!-- [et_pb_line_break_holder] --><\/p>\n<div class=\"elfsight-app-2003bd06-879d-4bb4-b0fe-c4bf12776438\" data-elfsight-app-lazy=\"\"><\/div>\n<p>[\/et_pb_code][\/et_pb_column][\/et_pb_row][\/et_pb_section]<\/p>\n","protected":false},"excerpt":{"rendered":"<p>Si usted es un pastor del Distrito de Colorado que busca establecer obras, \u00a1est\u00e1 en el lugar correcto! Gracias a sus donaciones a Christmas for Christ (CFC), ahora podemos ofrecer asistencia financiera en cada etapa del proceso de plantaci\u00f3n de iglesias. Estos beneficios est\u00e1n disponibles para todos los pastores calificados del Distrito de Colorado. Por [&hellip;]<\/p>\n","protected":false},"author":1,"featured_media":0,"parent":0,"menu_order":0,"comment_status":"closed","ping_status":"closed","template":"","meta":{"_et_pb_use_builder":"on","_et_pb_old_content":"","_et_gb_content_width":"","footnotes":""},"class_list":["post-819","page","type-page","status-publish","hentry"],"_links":{"self":[{"href":"https:\/\/co-nam.com\/es\/wp-json\/wp\/v2\/pages\/819","targetHints":{"allow":["GET"]}}],"collection":[{"href":"https:\/\/co-nam.com\/es\/wp-json\/wp\/v2\/pages"}],"about":[{"href":"https:\/\/co-nam.com\/es\/wp-json\/wp\/v2\/types\/page"}],"author":[{"embeddable":true,"href":"https:\/\/co-nam.com\/es\/wp-json\/wp\/v2\/users\/1"}],"replies":[{"embeddable":true,"href":"https:\/\/co-nam.com\/es\/wp-json\/wp\/v2\/comments?post=819"}],"version-history":[{"count":2,"href":"https:\/\/co-nam.com\/es\/wp-json\/wp\/v2\/pages\/819\/revisions"}],"predecessor-version":[{"id":823,"href":"https:\/\/co-nam.com\/es\/wp-json\/wp\/v2\/pages\/819\/revisions\/823"}],"wp:attachment":[{"href":"https:\/\/co-nam.com\/es\/wp-json\/wp\/v2\/media?parent=819"}],"curies":[{"name":"wp","href":"https:\/\/api.w.org\/{rel}","templated":true}]}}