{"id":836,"date":"2025-03-06T21:50:39","date_gmt":"2025-03-06T21:50:39","guid":{"rendered":"https:\/\/co-nam.com\/puntos-de-predicacion\/"},"modified":"2025-06-17T21:36:08","modified_gmt":"2025-06-17T21:36:08","slug":"puntos-de-predicacion","status":"publish","type":"page","link":"https:\/\/co-nam.com\/es\/puntos-de-predicacion\/","title":{"rendered":"Puntos de predicaci\u00f3n"},"content":{"rendered":"<p>[et_pb_section fb_built=\u00bb1&#8243; admin_label=\u00bbAbout\u00bb _builder_version=\u00bb4.27.4&#8243; _module_preset=\u00bbdefault\u00bb use_background_color_gradient=\u00bbon\u00bb background_color_gradient_stops=\u00bbrgba(25,9,5,0.5) 0%|rgba(0,0,0,0) 99%\u00bb background_blend=\u00bboverlay\u00bb custom_margin=\u00bb-5px|||||\u00bb custom_padding=\u00bb7vw||7vw||true|false\u00bb hover_enabled=\u00bb0&#8243; collapsed=\u00bbon\u00bb global_colors_info=\u00bb{}\u00bb background_enable_video_mp4=\u00bboff\u00bb title_text=\u00bbIMG_1933&#8243; background_image=\u00bbhttps:\/\/co-nam.com\/wp-content\/uploads\/2025\/04\/IMG_1933.jpg\u00bb sticky_enabled=\u00bb0&#8243;][et_pb_row _builder_version=\u00bb4.27.4&#8243; _module_preset=\u00bbdefault\u00bb global_colors_info=\u00bb{}\u00bb][et_pb_column type=\u00bb4_4&#8243; _builder_version=\u00bb4.24.1&#8243; _module_preset=\u00bbdefault\u00bb global_colors_info=\u00bb{}\u00bb][et_pb_heading title=\u00bbPuntos de predicaci\u00f3n\u00bb _builder_version=\u00bb4.27.4&#8243; _module_preset=\u00bbdefault\u00bb title_font=\u00bb&#8211;et_global_heading_font|800|||||||\u00bb title_text_align=\u00bbcenter\u00bb title_text_color=\u00bb#FFFFFF\u00bb title_font_size=\u00bb100px\u00bb custom_margin=\u00bb||7px|||\u00bb title_font_size_tablet=\u00bb100px\u00bb title_font_size_phone=\u00bb32px\u00bb title_font_size_last_edited=\u00bbon|phone\u00bb global_colors_info=\u00bb{}\u00bb][\/et_pb_heading][\/et_pb_column][\/et_pb_row][\/et_pb_section][et_pb_section fb_built=\u00bb1&#8243; admin_label=\u00bbPrograms\u00bb _builder_version=\u00bb4.25.1&#8243; _module_preset=\u00bb_initial\u00bb custom_padding=\u00bb||15px|||\u00bb collapsed=\u00bbon\u00bb global_colors_info=\u00bb{}\u00bb][et_pb_row _builder_version=\u00bb4.25.1&#8243; _module_preset=\u00bbdefault\u00bb global_colors_info=\u00bb{}\u00bb][et_pb_column type=\u00bb4_4&#8243; _builder_version=\u00bb4.25.1&#8243; _module_preset=\u00bb_initial\u00bb global_colors_info=\u00bb{}\u00bb][et_pb_text _builder_version=\u00bb4.27.4&#8243; _module_preset=\u00bbf6648b00-756c-4f1e-9643-946bb68e231c\u00bb text_font=\u00bb&#8211;et_global_heading_font||||||||\u00bb text_text_color=\u00bb#000000&#8243; header_text_color=\u00bb#000000&#8243; header_font_size_tablet=\u00bb\u00bb header_font_size_phone=\u00bb14px\u00bb header_font_size_last_edited=\u00bbon|phone\u00bb global_colors_info=\u00bb{}\u00bb]<\/p>\n<p data-start=\"33\" data-end=\"240\"><span>Un <\/span><i>punto de predicaci\u00f3n<\/i><span>  es un servicio programado regularmente, t\u00edpicamente una vez por semana o al menos una vez al mes, que presenta predicaci\u00f3n. No constituye un compromiso firme para iniciar una iglesia, sino un esfuerzo declarado para explorar dicha posibilidad. Un punto de predicaci\u00f3n se distingue de la  <\/span><i>iglesia madre<\/i><span>  en cuanto a ubicaci\u00f3n o idioma, y est\u00e1 dise\u00f1ado para alcanzar a personas que actualmente no asisten a ninguna iglesia. \u00bfDesea iniciar un punto de predicaci\u00f3n?<\/span><\/p>\n<p>[\/et_pb_text][et_pb_button button_url=\u00bbhttps:\/\/co-nam.com\/nextsteps\/\u00bb button_text=\u00bbPr\u00f3ximos pasos\u00bb button_alignment=\u00bbcenter\u00bb _builder_version=\u00bb4.27.4&#8243; _module_preset=\u00bbdefault\u00bb custom_button=\u00bbon\u00bb button_text_color=\u00bb#FFFFFF\u00bb button_bg_color=\u00bb#070707&#8243; button_border_radius=\u00bb50px\u00bb custom_margin=\u00bb28px||2px|||\u00bb global_colors_info=\u00bb{}\u00bb][\/et_pb_button][\/et_pb_column][\/et_pb_row][\/et_pb_section][et_pb_section fb_built=\u00bb1&#8243; admin_label=\u00bbFooter\u00bb _builder_version=\u00bb4.27.4&#8243; _module_preset=\u00bbdefault\u00bb background_color=\u00bb#000000&#8243; global_module=\u00bb332&#8243; saved_tabs=\u00bball\u00bb collapsed=\u00bbon\u00bb global_colors_info=\u00bb{}\u00bb][et_pb_row column_structure=\u00bb1_2,1_2&#8243; _builder_version=\u00bb4.22.1&#8243; _module_preset=\u00bbdefault\u00bb global_colors_info=\u00bb{}\u00bb][et_pb_column type=\u00bb1_2&#8243; _builder_version=\u00bb4.22.1&#8243; _module_preset=\u00bbdefault\u00bb global_colors_info=\u00bb{}\u00bb][et_pb_text _builder_version=\u00bb4.22.1&#8243; _module_preset=\u00bb0b1d0fec-b281-4757-b0dc-10db39fe6eae\u00bb header_4_text_color=\u00bb#FFFFFF\u00bb custom_margin=\u00bb||10px||false|false\u00bb global_colors_info=\u00bb{}\u00bb]<\/p>\n<h4>Enlaces r\u00e1pidos<\/h4>\n<p>[\/et_pb_text][et_pb_text _builder_version=\u00bb4.27.4&#8243; _module_preset=\u00bb62af83b7-ab66-4f27-9bfe-3aaccaa1b383&#8243; text_text_color=\u00bb#FFFFFF\u00bb link_text_color=\u00bb#FFFFFF\u00bb custom_margin=\u00bb||10px||false|false\u00bb custom_margin_last_edited=\u00bboff|tablet\u00bb global_colors_info=\u00bb{%22gcid-b74eef71-a268-4efe-841b-c8ec143deee4%22:%91%22link_text_color__hover%22%93}\u00bb link_text_color__hover_enabled=\u00bbon|hover\u00bb link_text_color__hover=\u00bb#c3e942&#8243;]<\/p>\n<p><a href=\"https:\/\/co-nam.com\/es\/quienes-somos\/\" target=\"_blank\" rel=\"noopener\">Con\u00f3zcanos<\/a><\/p>\n<p>[\/et_pb_text][et_pb_text _builder_version=\u00bb4.27.4&#8243; _module_preset=\u00bb62af83b7-ab66-4f27-9bfe-3aaccaa1b383&#8243; text_text_color=\u00bb#FFFFFF\u00bb link_text_color=\u00bb#FFFFFF\u00bb custom_margin=\u00bb||10px||false|false\u00bb custom_margin_last_edited=\u00bboff|tablet\u00bb global_colors_info=\u00bb{%22gcid-b74eef71-a268-4efe-841b-c8ec143deee4%22:%91%22link_text_color__hover%22%93}\u00bb link_text_color__hover=\u00bb#c3e942&#8243; link_text_color__hover_enabled=\u00bbon|hover\u00bb]<\/p>\n<p><a href=\"https:\/\/co-nam.com\/nextsteps\/\" target=\"_blank\" rel=\"noopener\">Comience<\/a><\/p>\n<p>[\/et_pb_text][et_pb_text _builder_version=\u00bb4.27.4&#8243; _module_preset=\u00bb62af83b7-ab66-4f27-9bfe-3aaccaa1b383&#8243; text_text_color=\u00bb#FFFFFF\u00bb link_text_color=\u00bb#FFFFFF\u00bb custom_margin=\u00bb||10px||false|false\u00bb custom_margin_last_edited=\u00bboff|tablet\u00bb global_colors_info=\u00bb{%22gcid-b74eef71-a268-4efe-841b-c8ec143deee4%22:%91%22link_text_color__hover%22%93}\u00bb link_text_color__hover=\u00bb#c3e942&#8243; link_text_color__hover_enabled=\u00bbon|hover\u00bb]<\/p>\n<p><a href=\"https:\/\/co-nam.com\/es\/conexion-misionera\/\" target=\"_blank\" rel=\"noopener\">Conexi\u00f3n misionera<\/a><\/p>\n<p>[\/et_pb_text][et_pb_text _builder_version=\u00bb4.27.4&#8243; _module_preset=\u00bb62af83b7-ab66-4f27-9bfe-3aaccaa1b383&#8243; text_text_color=\u00bb#FFFFFF\u00bb link_text_color=\u00bb#FFFFFF\u00bb custom_margin=\u00bb||10px||false|false\u00bb custom_margin_last_edited=\u00bboff|tablet\u00bb global_colors_info=\u00bb{%22gcid-b74eef71-a268-4efe-841b-c8ec143deee4%22:%91%22link_text_color__hover%22%93}\u00bb link_text_color__hover=\u00bb#c3e942&#8243; link_text_color__hover_enabled=\u00bbon|hover\u00bb]<\/p>\n<p><a href=\"https:\/\/co-nam.com\/es\/plantando-una-iglesia\/\" target=\"_blank\" rel=\"noopener\">\u00bfPlantando una iglesia?<\/a><\/p>\n<p>[\/et_pb_text][et_pb_text _builder_version=\u00bb4.27.4&#8243; _module_preset=\u00bb62af83b7-ab66-4f27-9bfe-3aaccaa1b383&#8243; text_text_color=\u00bb#FFFFFF\u00bb link_text_color=\u00bb#FFFFFF\u00bb custom_margin=\u00bb||10px||false|false\u00bb custom_margin_last_edited=\u00bboff|tablet\u00bb global_colors_info=\u00bb{%22gcid-b74eef71-a268-4efe-841b-c8ec143deee4%22:%91%22link_text_color__hover%22%93}\u00bb link_text_color__hover=\u00bb#c3e942&#8243; link_text_color__hover_enabled=\u00bbon|hover\u00bb]<\/p>\n<p><a href=\"https:\/\/coloradodistrict.com\" target=\"_blank\" rel=\"noopener\">Sitio web del distrito de Colorado de la UPCI<\/a><\/p>\n<p>[\/et_pb_text][\/et_pb_column][et_pb_column type=\u00bb1_2&#8243; _builder_version=\u00bb4.22.1&#8243; _module_preset=\u00bbdefault\u00bb global_colors_info=\u00bb{}\u00bb][et_pb_text _builder_version=\u00bb4.27.4&#8243; _module_preset=\u00bb0b1d0fec-b281-4757-b0dc-10db39fe6eae\u00bb header_4_text_color=\u00bb#FFFFFF\u00bb custom_margin=\u00bb||10px||false|false\u00bb global_colors_info=\u00bb{}\u00bb]<\/p>\n<h4 style=\"text-align: center;\">S\u00edganos en las redes sociales<\/h4>\n<p>[\/et_pb_text][et_pb_icon font_icon=\u00bb&#xe0aa;||divi||400&#8243; icon_color=\u00bb#FFFFFF\u00bb icon_width=\u00bb37px\u00bb url=\u00bbhttps:\/\/www.facebook.com\/groups\/481915879118640&#8243; url_new_window=\u00bbon\u00bb _builder_version=\u00bb4.27.4&#8243; _module_preset=\u00bbdefault\u00bb global_colors_info=\u00bb{}\u00bb][\/et_pb_icon][\/et_pb_column][\/et_pb_row][et_pb_row _builder_version=\u00bb4.22.1&#8243; _module_preset=\u00bbdefault\u00bb global_colors_info=\u00bb{}\u00bb][et_pb_column type=\u00bb4_4&#8243; _builder_version=\u00bb4.22.1&#8243; _module_preset=\u00bbdefault\u00bb global_colors_info=\u00bb{}\u00bb][et_pb_text _builder_version=\u00bb4.27.4&#8243; _dynamic_attributes=\u00bbcontent\u00bb _module_preset=\u00bb62af83b7-ab66-4f27-9bfe-3aaccaa1b383&#8243; text_orientation=\u00bbcenter\u00bb global_colors_info=\u00bb{}\u00bb]@ET-DC@eyJkeW5hbWljIjp0cnVlLCJjb250ZW50IjoiY3VycmVudF9kYXRlIiwic2V0dGluZ3MiOnsiYmVmb3JlIjoiRGlzdHJpdG8gZGUgQ29sb3JhZG8gZGUgbGEgVVBDSSB8IiwiYWZ0ZXIiOiJNaXNpb25lcyBkZSBOb3J0ZWFtXHUwMGU5cmljYSIsImRhdGVfZm9ybWF0IjoiY3VzdG9tIiwiY3VzdG9tX2RhdGVfZm9ybWF0IjoiIiwiZW5hYmxlX2h0bWwiOiJvZmYifX0=@[\/et_pb_text][\/et_pb_column][\/et_pb_row][\/et_pb_section]<\/p>\n","protected":false},"excerpt":{"rendered":"<p>Un punto de predicaci\u00f3n es un servicio programado regularmente, t\u00edpicamente una vez por semana o al menos una vez al mes, que presenta predicaci\u00f3n. No constituye un compromiso firme para iniciar una iglesia, sino un esfuerzo declarado para explorar dicha posibilidad. Un punto de predicaci\u00f3n se distingue de la iglesia madre en cuanto a ubicaci\u00f3n [&hellip;]<\/p>\n","protected":false},"author":1,"featured_media":0,"parent":0,"menu_order":0,"comment_status":"closed","ping_status":"closed","template":"","meta":{"_et_pb_use_builder":"on","_et_pb_old_content":"","_et_gb_content_width":"","footnotes":""},"class_list":["post-836","page","type-page","status-publish","hentry"],"_links":{"self":[{"href":"https:\/\/co-nam.com\/es\/wp-json\/wp\/v2\/pages\/836","targetHints":{"allow":["GET"]}}],"collection":[{"href":"https:\/\/co-nam.com\/es\/wp-json\/wp\/v2\/pages"}],"about":[{"href":"https:\/\/co-nam.com\/es\/wp-json\/wp\/v2\/types\/page"}],"author":[{"embeddable":true,"href":"https:\/\/co-nam.com\/es\/wp-json\/wp\/v2\/users\/1"}],"replies":[{"embeddable":true,"href":"https:\/\/co-nam.com\/es\/wp-json\/wp\/v2\/comments?post=836"}],"version-history":[{"count":2,"href":"https:\/\/co-nam.com\/es\/wp-json\/wp\/v2\/pages\/836\/revisions"}],"predecessor-version":[{"id":838,"href":"https:\/\/co-nam.com\/es\/wp-json\/wp\/v2\/pages\/836\/revisions\/838"}],"wp:attachment":[{"href":"https:\/\/co-nam.com\/es\/wp-json\/wp\/v2\/media?parent=836"}],"curies":[{"name":"wp","href":"https:\/\/api.w.org\/{rel}","templated":true}]}}