{"id":852,"date":"2025-03-01T03:43:31","date_gmt":"2025-03-01T03:43:31","guid":{"rendered":"https:\/\/co-nam.com\/pagina-de-inicio\/"},"modified":"2026-04-23T15:07:40","modified_gmt":"2026-04-23T15:07:40","slug":"pagina-de-inicio","status":"publish","type":"page","link":"https:\/\/co-nam.com\/es\/","title":{"rendered":"P\u00e1gina de inicio"},"content":{"rendered":"<p>[et_pb_section fb_built=\u00bb1&#8243; admin_label=\u00bbHeader\u00bb _builder_version=\u00bb4.27.4&#8243; _module_preset=\u00bbdefault\u00bb use_background_color_gradient=\u00bbon\u00bb background_color_gradient_stops=\u00bbrgba(0,0,0,0.5) 0%|rgba(0,0,0,0.5) 100%\u00bb background_color_gradient_overlays_image=\u00bbon\u00bb background_enable_image=\u00bboff\u00bb parallax=\u00bbon\u00bb background_video_mp4=\u00bbhttps:\/\/co-nam.com\/wp-content\/uploads\/2025\/03\/Colorado-wb-scroll.mp4&#8243; custom_padding=\u00bb6vw||||false|false\u00bb collapsed=\u00bbon\u00bb global_colors_info=\u00bb{}\u00bb][et_pb_row _builder_version=\u00bb4.24.2&#8243; _module_preset=\u00bbdefault\u00bb width=\u00bb90%\u00bb max_width=\u00bbnone\u00bb global_colors_info=\u00bb{}\u00bb][et_pb_column type=\u00bb4_4&#8243; _builder_version=\u00bb4.24.1&#8243; _module_preset=\u00bbdefault\u00bb global_colors_info=\u00bb{}\u00bb][et_pb_heading title=\u00bbCOLORADO\u00bb _builder_version=\u00bb4.27.6&#8243; _module_preset=\u00bbdefault\u00bb title_font=\u00bb|800|||||||\u00bb title_text_align=\u00bbcenter\u00bb title_text_color=\u00bb#FFFFFF\u00bb title_font_size=\u00bb73px\u00bb module_alignment=\u00bbcenter\u00bb custom_margin=\u00bb||7px|||\u00bb title_font_size_tablet=\u00bb100px\u00bb title_font_size_phone=\u00bb60px\u00bb title_font_size_last_edited=\u00bbon|phone\u00bb global_colors_info=\u00bb{}\u00bb][\/et_pb_heading][et_pb_heading title=\u00bbMISIONES NORTEAMERICANAS\u00bb _builder_version=\u00bb4.27.6&#8243; _module_preset=\u00bbdefault\u00bb title_font=\u00bb|300|||||||\u00bb title_text_align=\u00bbcenter\u00bb title_text_color=\u00bb#FFFFFF\u00bb title_font_size=\u00bb39px\u00bb custom_margin=\u00bb||7px|||\u00bb global_colors_info=\u00bb{}\u00bb][\/et_pb_heading][\/et_pb_column][\/et_pb_row][et_pb_row column_structure=\u00bb1_3,1_3,1_3&#8243; _builder_version=\u00bb4.27.4&#8243; _module_preset=\u00bbdefault\u00bb width=\u00bb90%\u00bb max_width=\u00bbnone\u00bb custom_margin=\u00bb8vw||||false|false\u00bb custom_padding=\u00bb0px||0px||false|false\u00bb global_colors_info=\u00bb{}\u00bb][et_pb_column type=\u00bb1_3&#8243; _builder_version=\u00bb4.24.1&#8243; _module_preset=\u00bbdefault\u00bb global_colors_info=\u00bb{}\u00bb][et_pb_text _builder_version=\u00bb4.27.4&#8243; _module_preset=\u00bb01c9d3aa-278d-4eba-ae8c-0422f8188094&#8243; header_5_text_color=\u00bb#FFFFFF\u00bb custom_margin=\u00bb||0px||false|false\u00bb text_orientation_tablet=\u00bbcenter\u00bb text_orientation_phone=\u00bbcenter\u00bb text_orientation_last_edited=\u00bbon|tablet\u00bb global_colors_info=\u00bb{}\u00bb]<\/p>\n<h5>Plantando iglesias en Colorado<\/h5>\n<p>[\/et_pb_text][\/et_pb_column][et_pb_column type=\u00bb1_3&#8243; _builder_version=\u00bb4.24.1&#8243; _module_preset=\u00bbdefault\u00bb global_colors_info=\u00bb{}\u00bb][\/et_pb_column][et_pb_column type=\u00bb1_3&#8243; _builder_version=\u00bb4.24.1&#8243; _module_preset=\u00bbdefault\u00bb global_colors_info=\u00bb{}\u00bb][et_pb_text _builder_version=\u00bb4.27.4&#8243; _module_preset=\u00bb01c9d3aa-278d-4eba-ae8c-0422f8188094&#8243; header_5_text_color=\u00bb#FFFFFF\u00bb text_orientation=\u00bbright\u00bb custom_margin=\u00bb-40px||0px||false|false\u00bb text_orientation_tablet=\u00bbcenter\u00bb text_orientation_phone=\u00bbcenter\u00bb text_orientation_last_edited=\u00bbon|tablet\u00bb locked=\u00bboff\u00bb global_colors_info=\u00bb{}\u00bb]<\/p>\n<h5>Testigos de Hechos 2:38<br \/>Ninguna regi\u00f3n quedar\u00e1 atr\u00e1s.<\/h5>\n<p>[\/et_pb_text][\/et_pb_column][\/et_pb_row][\/et_pb_section][et_pb_section fb_built=\u00bb1&#8243; _builder_version=\u00bb4.27.6&#8243; _module_preset=\u00bbdefault\u00bb custom_padding=\u00bb37px||29px|||\u00bb global_colors_info=\u00bb{}\u00bb][et_pb_row _builder_version=\u00bb4.27.6&#8243; _module_preset=\u00bbdefault\u00bb custom_margin=\u00bb-33px|auto|-23px|auto||\u00bb custom_padding=\u00bb||5px|||\u00bb global_colors_info=\u00bb{}\u00bb][et_pb_column type=\u00bb4_4&#8243; _builder_version=\u00bb4.27.6&#8243; _module_preset=\u00bbdefault\u00bb global_colors_info=\u00bb{}\u00bb][et_pb_text _builder_version=\u00bb4.27.6&#8243; _module_preset=\u00bbdefault\u00bb text_font_size=\u00bb53px\u00bb text_orientation=\u00bbcenter\u00bb hover_enabled=\u00bb0&#8243; global_colors_info=\u00bb{}\u00bb text_font=\u00bbOpen Sans||||||||\u00bb sticky_enabled=\u00bb0&#8243; header_font=\u00bbOpen Sans||||||||\u00bb]<\/p>\n<h1 style=\"text-align: center;\"><strong>HAZ CLIC O TOCA LA IMAGEN DE ABAJO PARA REGISTRARTE EN RMA 2026<\/strong><\/h1>\n<p>[\/et_pb_text][\/et_pb_column][\/et_pb_row][\/et_pb_section][et_pb_section fb_built=\u00bb1&#8243; _builder_version=\u00bb4.27.4&#8243; _module_preset=\u00bbdefault\u00bb custom_padding=\u00bb9px||13px|||\u00bb link_option_url=\u00bbhttps:\/\/coloradodistrict.breezechms.com\/form\/RMA25&#8243; link_option_url_new_window=\u00bbon\u00bb global_colors_info=\u00bb{}\u00bb][et_pb_row _builder_version=\u00bb4.27.4&#8243; _module_preset=\u00bbdefault\u00bb custom_margin=\u00bb3px|auto||auto||\u00bb custom_padding=\u00bb16px|||||\u00bb link_option_url=\u00bbhttps:\/\/coloradodistrict.breezechms.com\/form\/RMA25&#8243; global_colors_info=\u00bb{}\u00bb][et_pb_column type=\u00bb4_4&#8243; _builder_version=\u00bb4.27.4&#8243; _module_preset=\u00bbdefault\u00bb global_colors_info=\u00bb{}\u00bb][et_pb_image src=\u00bbhttps:\/\/co-nam.com\/wp-content\/uploads\/2026\/04\/Copy-of-ROCKY-MOUNTAIN-AWAKEN-1920-x-1080-px-6-x-4-in.jpg\u00bb title_text=\u00bbCopy of ROCKY MOUNTAIN AWAKEN (1920 x 1080 px) (6 x 4 in)\u00bb url=\u00bbhttps:\/\/coloradodistrict.breezechms.com\/form\/RMA2537&#8243; url_new_window=\u00bbon\u00bb align=\u00bbcenter\u00bb src_last_edited=\u00bboff|desktop\u00bb _builder_version=\u00bb4.27.6&#8243; _module_preset=\u00bbdefault\u00bb custom_margin=\u00bb4px|||||\u00bb global_colors_info=\u00bb{}\u00bb][\/et_pb_image][\/et_pb_column][\/et_pb_row][\/et_pb_section][et_pb_section fb_built=\u00bb1&#8243; admin_label=\u00bbAbout\u00bb _builder_version=\u00bb4.24.2&#8243; _module_preset=\u00bbdefault\u00bb custom_margin=\u00bb-5px|||||\u00bb custom_padding=\u00bb0vw||0vw||true|false\u00bb collapsed=\u00bbon\u00bb global_colors_info=\u00bb{}\u00bb][et_pb_row _builder_version=\u00bb4.27.4&#8243; _module_preset=\u00bbdefault\u00bb custom_padding=\u00bb24px||60px|||\u00bb global_colors_info=\u00bb{}\u00bb][et_pb_column type=\u00bb4_4&#8243; _builder_version=\u00bb4.24.1&#8243; _module_preset=\u00bbdefault\u00bb global_colors_info=\u00bb{}\u00bb][et_pb_heading title=\u00bbNUESTRA MISI\u00d3N\u00bb _builder_version=\u00bb4.27.4&#8243; _module_preset=\u00bbdefault\u00bb title_font=\u00bb&#8211;et_global_heading_font|800|||||||\u00bb title_text_align=\u00bbcenter\u00bb title_text_color=\u00bb#000000&#8243; title_font_size=\u00bb100px\u00bb custom_margin=\u00bb||7px|||\u00bb title_font_size_tablet=\u00bb100px\u00bb title_font_size_phone=\u00bb48px\u00bb title_font_size_last_edited=\u00bbon|phone\u00bb global_colors_info=\u00bb{}\u00bb][\/et_pb_heading][et_pb_text _builder_version=\u00bb4.27.6&#8243; _module_preset=\u00bbf6648b00-756c-4f1e-9643-946bb68e231c\u00bb text_font=\u00bb&#8211;et_global_heading_font||||||||\u00bb hover_enabled=\u00bb0&#8243; global_colors_info=\u00bb{}\u00bb text_line_height=\u00bb1.3em\u00bb text_line_height_last_edited=\u00bbon|desktop\u00bb sticky_enabled=\u00bb0&#8243; text_line_height_tablet=\u00bb1.3em\u00bb text_line_height_phone=\u00bb1.3em\u00bb]<\/p>\n<h3 style=\"text-align: center;\"><span>Plantar iglesias, apoyar nuevas iglesias y expandir el reino de Dios en Colorado asegurando que <strong>ninguna regi\u00f3n quede atr\u00e1s.<\/strong> <\/span><span>Arraigados en la Gran Comisi\u00f3n y capacitados por el Esp\u00edritu Santo, nos comprometemos a alcanzar <strong>cada comunidad<\/strong> con el mensaje completo del Evangelio de Hechos 2:38: arrepentimiento, bautismo en el nombre de Jes\u00fas y la llenura del Esp\u00edritu Santo. Con fe inquebrantable, equipamos y enviamos l\u00edderes guiados por el Esp\u00edritu para transformar ciudades y pueblos a trav\u00e9s de la oraci\u00f3n, el evangelismo y el discipulado. Nuestra misi\u00f3n es ver vidas transformadas, iglesias multiplicadas y Colorado lleno del conocimiento de Jesucristo.  <\/span><\/h3>\n<p>[\/et_pb_text][\/et_pb_column][\/et_pb_row][\/et_pb_section][et_pb_section fb_built=\u00bb1&#8243; admin_label=\u00bbHeader\u00bb _builder_version=\u00bb4.27.4&#8243; _module_preset=\u00bbdefault\u00bb use_background_color_gradient=\u00bbon\u00bb background_color_gradient_stops=\u00bbrgba(0,0,0,0.5) 0%|rgba(0,0,0,0.5) 100%\u00bb background_color_gradient_overlays_image=\u00bbon\u00bb background_image=\u00bbhttps:\/\/co-nam.com\/wp-content\/uploads\/2025\/03\/IMG_4363.jpg\u00bb background_enable_video_mp4=\u00bboff\u00bb custom_padding=\u00bb6vw||46px||false|false\u00bb collapsed=\u00bbon\u00bb global_colors_info=\u00bb{}\u00bb][et_pb_row _builder_version=\u00bb4.24.2&#8243; _module_preset=\u00bbdefault\u00bb width=\u00bb90%\u00bb max_width=\u00bbnone\u00bb global_colors_info=\u00bb{}\u00bb][et_pb_column type=\u00bb4_4&#8243; _builder_version=\u00bb4.24.1&#8243; _module_preset=\u00bbdefault\u00bb global_colors_info=\u00bb{}\u00bb][et_pb_heading title=\u00bbMis pr\u00f3ximos pasos\u00bb _builder_version=\u00bb4.27.4&#8243; _module_preset=\u00bbdefault\u00bb title_font=\u00bb|800|||||||\u00bb title_text_align=\u00bbcenter\u00bb title_text_color=\u00bb#FFFFFF\u00bb title_font_size=\u00bb100px\u00bb custom_margin=\u00bb||7px|||\u00bb title_font_size_tablet=\u00bb100px\u00bb title_font_size_phone=\u00bb44px\u00bb title_font_size_last_edited=\u00bbon|desktop\u00bb global_colors_info=\u00bb{}\u00bb][\/et_pb_heading][\/et_pb_column][\/et_pb_row][et_pb_row _builder_version=\u00bb4.27.4&#8243; _module_preset=\u00bbdefault\u00bb global_colors_info=\u00bb{}\u00bb][et_pb_column type=\u00bb4_4&#8243; _builder_version=\u00bb4.27.4&#8243; _module_preset=\u00bbdefault\u00bb global_colors_info=\u00bb{}\u00bb][et_pb_code _builder_version=\u00bb4.27.4&#8243; _module_preset=\u00bbdefault\u00bb global_colors_info=\u00bb{}\u00bb]<!-- Elfsight Popup | Welcome from Colorado NAM Director --><!-- [et_pb_line_break_holder] --><script src=\"https:\/\/static.elfsight.com\/platform\/platform.js\" async=\"\"><\/script><!-- [et_pb_line_break_holder] --><\/p>\n<div class=\"elfsight-app-3eca3c1c-05c6-4c87-976e-afffda823083\" data-elfsight-app-lazy=\"\"><\/div>\n<p>[\/et_pb_code][et_pb_button button_url=\u00bbhttps:\/\/co-nam.com\/es\/proximospasos\/\u00bb button_text=\u00bbM\u00e1s informaci\u00f3n\u00bb button_alignment=\u00bbcenter\u00bb _builder_version=\u00bb4.27.4&#8243; _module_preset=\u00bbdefault\u00bb custom_button=\u00bbon\u00bb button_text_color=\u00bb#ffffff\u00bb button_bg_color=\u00bb#127c18&#8243; button_border_color=\u00bb#127c18&#8243; button_border_radius=\u00bb24px\u00bb global_colors_info=\u00bb{}\u00bb][\/et_pb_button][\/et_pb_column][\/et_pb_row][\/et_pb_section][et_pb_section fb_built=\u00bb1&#8243; admin_label=\u00bbFooter\u00bb _builder_version=\u00bb4.27.4&#8243; _module_preset=\u00bbdefault\u00bb background_color=\u00bb#000000&#8243; global_module=\u00bb332&#8243; saved_tabs=\u00bball\u00bb collapsed=\u00bbon\u00bb global_colors_info=\u00bb{}\u00bb][et_pb_row column_structure=\u00bb1_2,1_2&#8243; _builder_version=\u00bb4.22.1&#8243; _module_preset=\u00bbdefault\u00bb global_colors_info=\u00bb{}\u00bb][et_pb_column type=\u00bb1_2&#8243; _builder_version=\u00bb4.22.1&#8243; _module_preset=\u00bbdefault\u00bb global_colors_info=\u00bb{}\u00bb][et_pb_text _builder_version=\u00bb4.22.1&#8243; _module_preset=\u00bb0b1d0fec-b281-4757-b0dc-10db39fe6eae\u00bb header_4_text_color=\u00bb#FFFFFF\u00bb custom_margin=\u00bb||10px||false|false\u00bb global_colors_info=\u00bb{}\u00bb]<\/p>\n<h4>Enlaces r\u00e1pidos<\/h4>\n<p>[\/et_pb_text][et_pb_text _builder_version=\u00bb4.27.4&#8243; _module_preset=\u00bb62af83b7-ab66-4f27-9bfe-3aaccaa1b383&#8243; text_text_color=\u00bb#FFFFFF\u00bb link_text_color=\u00bb#FFFFFF\u00bb custom_margin=\u00bb||10px||false|false\u00bb custom_margin_last_edited=\u00bboff|tablet\u00bb global_colors_info=\u00bb{%22gcid-b74eef71-a268-4efe-841b-c8ec143deee4%22:%91%22link_text_color__hover%22%93}\u00bb link_text_color__hover_enabled=\u00bbon|hover\u00bb link_text_color__hover=\u00bb#c3e942&#8243;]<\/p>\n<p><a href=\"https:\/\/co-nam.com\/es\/quienes-somos\/\" target=\"_blank\" rel=\"noopener\">Con\u00f3cenos<\/a><\/p>\n<p>[\/et_pb_text][et_pb_text _builder_version=\u00bb4.27.4&#8243; _module_preset=\u00bb62af83b7-ab66-4f27-9bfe-3aaccaa1b383&#8243; text_text_color=\u00bb#FFFFFF\u00bb link_text_color=\u00bb#FFFFFF\u00bb custom_margin=\u00bb||10px||false|false\u00bb custom_margin_last_edited=\u00bboff|tablet\u00bb global_colors_info=\u00bb{%22gcid-b74eef71-a268-4efe-841b-c8ec143deee4%22:%91%22link_text_color__hover%22%93}\u00bb link_text_color__hover=\u00bb#c3e942&#8243; link_text_color__hover_enabled=\u00bbon|hover\u00bb]<\/p>\n<p><a href=\"https:\/\/co-nam.com\/es\/proximospasos\/\" target=\"_blank\" rel=\"noopener\">Comienza<\/a><\/p>\n<p>[\/et_pb_text][et_pb_text _builder_version=\u00bb4.27.4&#8243; _module_preset=\u00bb62af83b7-ab66-4f27-9bfe-3aaccaa1b383&#8243; text_text_color=\u00bb#FFFFFF\u00bb link_text_color=\u00bb#FFFFFF\u00bb custom_margin=\u00bb||10px||false|false\u00bb custom_margin_last_edited=\u00bboff|tablet\u00bb global_colors_info=\u00bb{%22gcid-b74eef71-a268-4efe-841b-c8ec143deee4%22:%91%22link_text_color__hover%22%93}\u00bb link_text_color__hover=\u00bb#c3e942&#8243; link_text_color__hover_enabled=\u00bbon|hover\u00bb]<\/p>\n<p><a href=\"https:\/\/co-nam.com\/es\/conexion-misionera\/\" target=\"_blank\" rel=\"noopener\">Conexi\u00f3n misionera<\/a><\/p>\n<p>[\/et_pb_text][et_pb_text _builder_version=\u00bb4.27.4&#8243; _module_preset=\u00bb62af83b7-ab66-4f27-9bfe-3aaccaa1b383&#8243; text_text_color=\u00bb#FFFFFF\u00bb link_text_color=\u00bb#FFFFFF\u00bb custom_margin=\u00bb||10px||false|false\u00bb custom_margin_last_edited=\u00bboff|tablet\u00bb global_colors_info=\u00bb{%22gcid-b74eef71-a268-4efe-841b-c8ec143deee4%22:%91%22link_text_color__hover%22%93}\u00bb link_text_color__hover=\u00bb#c3e942&#8243; link_text_color__hover_enabled=\u00bbon|hover\u00bb]<\/p>\n<p><a href=\"https:\/\/co-nam.com\/es\/plantando-una-iglesia\/\" target=\"_blank\" rel=\"noopener\">\u00bfPlantando una iglesia?<\/a><\/p>\n<p>[\/et_pb_text][et_pb_text _builder_version=\u00bb4.27.4&#8243; _module_preset=\u00bb62af83b7-ab66-4f27-9bfe-3aaccaa1b383&#8243; text_text_color=\u00bb#FFFFFF\u00bb link_text_color=\u00bb#FFFFFF\u00bb custom_margin=\u00bb||10px||false|false\u00bb custom_margin_last_edited=\u00bboff|tablet\u00bb global_colors_info=\u00bb{%22gcid-b74eef71-a268-4efe-841b-c8ec143deee4%22:%91%22link_text_color__hover%22%93}\u00bb link_text_color__hover=\u00bb#c3e942&#8243; link_text_color__hover_enabled=\u00bbon|hover\u00bb]<\/p>\n<p><a href=\"https:\/\/coloradodistrict.com\" target=\"_blank\" rel=\"noopener\">Sitio web del Distrito de Colorado UPCI<\/a><\/p>\n<p>[\/et_pb_text][\/et_pb_column][et_pb_column type=\u00bb1_2&#8243; _builder_version=\u00bb4.22.1&#8243; _module_preset=\u00bbdefault\u00bb global_colors_info=\u00bb{}\u00bb][et_pb_text _builder_version=\u00bb4.27.4&#8243; _module_preset=\u00bb0b1d0fec-b281-4757-b0dc-10db39fe6eae\u00bb header_4_text_color=\u00bb#FFFFFF\u00bb custom_margin=\u00bb||10px||false|false\u00bb global_colors_info=\u00bb{}\u00bb]<\/p>\n<h4 style=\"text-align: center;\">S\u00edguenos en las redes sociales<\/h4>\n<p>[\/et_pb_text][et_pb_icon font_icon=\u00bb&#xe0aa;||divi||400&#8243; icon_color=\u00bb#FFFFFF\u00bb icon_width=\u00bb37px\u00bb url=\u00bbhttps:\/\/www.facebook.com\/groups\/481915879118640&#8243; url_new_window=\u00bbon\u00bb _builder_version=\u00bb4.27.4&#8243; _module_preset=\u00bbdefault\u00bb global_colors_info=\u00bb{}\u00bb][\/et_pb_icon][\/et_pb_column][\/et_pb_row][et_pb_row _builder_version=\u00bb4.22.1&#8243; _module_preset=\u00bbdefault\u00bb global_colors_info=\u00bb{}\u00bb][et_pb_column type=\u00bb4_4&#8243; _builder_version=\u00bb4.22.1&#8243; _module_preset=\u00bbdefault\u00bb global_colors_info=\u00bb{}\u00bb][et_pb_text _builder_version=\u00bb4.27.4&#8243; _dynamic_attributes=\u00bbcontent\u00bb _module_preset=\u00bb62af83b7-ab66-4f27-9bfe-3aaccaa1b383&#8243; text_orientation=\u00bbcenter\u00bb global_colors_info=\u00bb{}\u00bb]@ET-DC@eyJkeW5hbWljIjp0cnVlLCJjb250ZW50IjoiY3VycmVudF9kYXRlIiwic2V0dGluZ3MiOnsiYmVmb3JlIjoiRGlzdHJpdG8gZGUgQ29sb3JhZG8gVVBDSSB8IiwiYWZ0ZXIiOiJNaXNpb25lcyBOb3J0ZWFtZXJpY2FuYXMiLCJkYXRlX2Zvcm1hdCI6ImN1c3RvbSIsImN1c3RvbV9kYXRlX2Zvcm1hdCI6IiIsImVuYWJsZV9odG1sIjoib2ZmIn19@[\/et_pb_text][\/et_pb_column][\/et_pb_row][\/et_pb_section]<\/p>\n","protected":false},"excerpt":{"rendered":"<p>Plantando iglesias en ColoradoTestigos de Hechos 2:38Ninguna regi\u00f3n quedar\u00e1 atr\u00e1s.HAZ CLIC O TOCA LA IMAGEN DE ABAJO PARA REGISTRARTE EN RMA 2026Plantar iglesias, apoyar nuevas iglesias y expandir el reino de Dios en Colorado asegurando que ninguna regi\u00f3n quede atr\u00e1s. Arraigados en la Gran Comisi\u00f3n y capacitados por el Esp\u00edritu Santo, nos comprometemos a alcanzar [&hellip;]<\/p>\n","protected":false},"author":1,"featured_media":0,"parent":0,"menu_order":0,"comment_status":"closed","ping_status":"closed","template":"","meta":{"_et_pb_use_builder":"on","_et_pb_old_content":"","_et_gb_content_width":"","footnotes":""},"class_list":["post-852","page","type-page","status-publish","hentry"],"_links":{"self":[{"href":"https:\/\/co-nam.com\/es\/wp-json\/wp\/v2\/pages\/852","targetHints":{"allow":["GET"]}}],"collection":[{"href":"https:\/\/co-nam.com\/es\/wp-json\/wp\/v2\/pages"}],"about":[{"href":"https:\/\/co-nam.com\/es\/wp-json\/wp\/v2\/types\/page"}],"author":[{"embeddable":true,"href":"https:\/\/co-nam.com\/es\/wp-json\/wp\/v2\/users\/1"}],"replies":[{"embeddable":true,"href":"https:\/\/co-nam.com\/es\/wp-json\/wp\/v2\/comments?post=852"}],"version-history":[{"count":52,"href":"https:\/\/co-nam.com\/es\/wp-json\/wp\/v2\/pages\/852\/revisions"}],"predecessor-version":[{"id":1103,"href":"https:\/\/co-nam.com\/es\/wp-json\/wp\/v2\/pages\/852\/revisions\/1103"}],"wp:attachment":[{"href":"https:\/\/co-nam.com\/es\/wp-json\/wp\/v2\/media?parent=852"}],"curies":[{"name":"wp","href":"https:\/\/api.w.org\/{rel}","templated":true}]}}