{"id":893,"date":"2025-03-01T14:18:16","date_gmt":"2025-03-01T14:18:16","guid":{"rendered":"https:\/\/co-nam.com\/proximospasos\/"},"modified":"2025-06-17T21:37:05","modified_gmt":"2025-06-17T21:37:05","slug":"proximospasos","status":"publish","type":"page","link":"https:\/\/co-nam.com\/es\/proximospasos\/","title":{"rendered":"pr\u00f3ximospasos"},"content":{"rendered":"<p>[et_pb_section fb_built=\u00bb1&#8243; admin_label=\u00bbHeader\u00bb _builder_version=\u00bb4.27.4&#8243; _module_preset=\u00bbdefault\u00bb use_background_color_gradient=\u00bbon\u00bb background_color_gradient_stops=\u00bbrgba(0,0,0,0.5) 0%|rgba(0,0,0,0.5) 100%\u00bb background_color_gradient_overlays_image=\u00bbon\u00bb background_image=\u00bbhttps:\/\/co-nam.com\/wp-content\/uploads\/2025\/03\/IMG_4386.jpg\u00bb background_enable_video_mp4=\u00bboff\u00bb custom_padding=\u00bb6vw||||false|false\u00bb collapsed=\u00bbon\u00bb global_colors_info=\u00bb{}\u00bb][et_pb_row _builder_version=\u00bb4.24.2&#8243; _module_preset=\u00bbdefault\u00bb width=\u00bb90%\u00bb max_width=\u00bbnone\u00bb custom_margin=\u00bb-72px|auto||auto||\u00bb global_colors_info=\u00bb{}\u00bb][et_pb_column type=\u00bb4_4&#8243; _builder_version=\u00bb4.24.1&#8243; _module_preset=\u00bbdefault\u00bb global_colors_info=\u00bb{}\u00bb][et_pb_heading title=\u00bbPR\u00d3XIMOS PASOS\u00bb _builder_version=\u00bb4.27.4&#8243; _module_preset=\u00bbdefault\u00bb title_font=\u00bb|800|||||||\u00bb title_text_align=\u00bbcenter\u00bb title_text_color=\u00bb#FFFFFF\u00bb title_font_size=\u00bb100px\u00bb custom_margin=\u00bb||7px|||\u00bb title_font_size_tablet=\u00bb100px\u00bb title_font_size_phone=\u00bb78px\u00bb title_font_size_last_edited=\u00bbon|phone\u00bb global_colors_info=\u00bb{}\u00bb][\/et_pb_heading][et_pb_button button_url=\u00bbhttps:\/\/ministrycentral.com\/the-launch-button\u00bb url_new_window=\u00bbon\u00bb button_text=\u00bbEXPLORAR CAPACITACI\u00d3N\u00bb button_alignment=\u00bbcenter\u00bb _builder_version=\u00bb4.27.4&#8243; _module_preset=\u00bbdefault\u00bb custom_button=\u00bbon\u00bb button_text_color=\u00bb#ffffff\u00bb button_bg_color=\u00bb#127c18&#8243; button_border_color=\u00bb#127c18&#8243; button_border_radius=\u00bb24px\u00bb global_colors_info=\u00bb{}\u00bb][\/et_pb_button][\/et_pb_column][\/et_pb_row][\/et_pb_section][et_pb_section fb_built=\u00bb1&#8243; admin_label=\u00bbAbout\u00bb _builder_version=\u00bb4.24.2&#8243; _module_preset=\u00bbdefault\u00bb custom_margin=\u00bb-5px|||||\u00bb custom_padding=\u00bb6vw||6vw||true|false\u00bb collapsed=\u00bbon\u00bb global_colors_info=\u00bb{}\u00bb][et_pb_row _builder_version=\u00bb4.27.4&#8243; _module_preset=\u00bbdefault\u00bb global_colors_info=\u00bb{}\u00bb][et_pb_column type=\u00bb4_4&#8243; _builder_version=\u00bb4.24.1&#8243; _module_preset=\u00bbdefault\u00bb global_colors_info=\u00bb{}\u00bb][et_pb_text _builder_version=\u00bb4.27.4&#8243; _module_preset=\u00bbf6648b00-756c-4f1e-9643-946bb68e231c\u00bb text_font=\u00bb&#8211;et_global_heading_font||||||||\u00bb global_colors_info=\u00bb{}\u00bb]<\/p>\n<p data-start=\"0\" data-end=\"274\">\u00a1Estamos entusiasmados de plantar iglesias e iniciar nuevas obras en todo Colorado! Siguiendo la sabidur\u00eda del Ap\u00f3stol Pablo en <strong data-start=\"115\" data-end=\"138\">1 Corintios 14:40<\/strong>, quien dijo, <strong data-start=\"150\" data-end=\"201\">\u201ch\u00e1gase todo decentemente y con orden,\u201d<\/strong> nos hemos asegurado de que el proceso sea claro, intencional y bien organizado. <\/p>\n<p data-start=\"276\" data-end=\"510\">Estamos aqu\u00ed para apoyarle en cada paso del camino mientras responde al llamado de alcanzar Colorado. \u00a1Sum\u00e9rjase en el sistema resumido a continuaci\u00f3n y aseg\u00farese de desplazarse hacia abajo para descargar el paquete completo de pol\u00edticas que le ayudar\u00e1 a guiarse en su emocionante jornada! <\/p>\n<p>[\/et_pb_text][\/et_pb_column][\/et_pb_row][\/et_pb_section][et_pb_section fb_built=\u00bb1&#8243; admin_label=\u00bbHeader\u00bb _builder_version=\u00bb4.27.4&#8243; _module_preset=\u00bbdefault\u00bb use_background_color_gradient=\u00bbon\u00bb background_color_gradient_stops=\u00bbrgba(0,0,0,0.5) 0%|rgba(0,0,0,0.5) 100%\u00bb background_color_gradient_overlays_image=\u00bbon\u00bb background_image=\u00bbhttps:\/\/co-nam.com\/wp-content\/uploads\/2025\/03\/Path-to-Launch.jpg\u00bb parallax=\u00bbon\u00bb background_enable_video_mp4=\u00bboff\u00bb custom_padding=\u00bb6vw||46px||false|false\u00bb collapsed=\u00bbon\u00bb global_colors_info=\u00bb{}\u00bb][et_pb_row _builder_version=\u00bb4.24.2&#8243; _module_preset=\u00bbdefault\u00bb width=\u00bb90%\u00bb max_width=\u00bbnone\u00bb global_colors_info=\u00bb{}\u00bb][et_pb_column type=\u00bb4_4&#8243; _builder_version=\u00bb4.24.1&#8243; _module_preset=\u00bbdefault\u00bb global_colors_info=\u00bb{}\u00bb][et_pb_heading title=\u00bbCAMINO HACIA LA PLANTACI\u00d3N\u00bb _builder_version=\u00bb4.27.4&#8243; _module_preset=\u00bbdefault\u00bb title_font=\u00bb|800|||||||\u00bb title_text_align=\u00bbcenter\u00bb title_text_color=\u00bb#FFFFFF\u00bb title_font_size=\u00bb100px\u00bb custom_margin=\u00bb||7px|||\u00bb title_font_size_tablet=\u00bb100px\u00bb title_font_size_phone=\u00bb57px\u00bb title_font_size_last_edited=\u00bbon|phone\u00bb global_colors_info=\u00bb{}\u00bb][\/et_pb_heading][\/et_pb_column][\/et_pb_row][\/et_pb_section][et_pb_section fb_built=\u00bb1&#8243; admin_label=\u00bbAbout\u00bb _builder_version=\u00bb4.24.2&#8243; _module_preset=\u00bbdefault\u00bb custom_margin=\u00bb-5px|||||\u00bb custom_padding=\u00bb0vw||0vw||true|false\u00bb collapsed=\u00bbon\u00bb global_colors_info=\u00bb{}\u00bb][et_pb_row _builder_version=\u00bb4.27.4&#8243; _module_preset=\u00bbdefault\u00bb global_colors_info=\u00bb{}\u00bb][et_pb_column type=\u00bb4_4&#8243; _builder_version=\u00bb4.24.1&#8243; _module_preset=\u00bbdefault\u00bb global_colors_info=\u00bb{}\u00bb][et_pb_heading title=\u00bbEvangelismo y extensi\u00f3n de alcance\u00bb _builder_version=\u00bb4.27.4&#8243; _module_preset=\u00bbdefault\u00bb title_font=\u00bb|800|||||||\u00bb title_text_align=\u00bbcenter\u00bb title_text_color=\u00bb#000000&#8243; title_font_size=\u00bb33px\u00bb custom_margin=\u00bb||7px|||\u00bb title_font_size_tablet=\u00bb33px\u00bb title_font_size_phone=\u00bb57px\u00bb title_font_size_last_edited=\u00bbon|phone\u00bb global_colors_info=\u00bb{}\u00bb][\/et_pb_heading][et_pb_text _builder_version=\u00bb4.27.4&#8243; _module_preset=\u00bbf6648b00-756c-4f1e-9643-946bb68e231c\u00bb text_font=\u00bb&#8211;et_global_heading_font||||||||\u00bb global_colors_info=\u00bb{}\u00bb]<\/p>\n<ul>\n<li>Una Extensi\u00f3n de Evangelismo se definir\u00e1 como cualquier iglesia que se involucre en Evangelismo de Alcance a una comunidad cercana sin iglesia de una o m\u00e1s de las siguientes maneras: tocar puertas, estudios b\u00edblicos en el hogar, rutas de autob\u00fas, servicios en la calle, grupos peque\u00f1os, etc.<\/li>\n<li>En la mayor\u00eda de las circunstancias, una iglesia o individuo que desee iniciar una obra deber\u00eda primero involucrarse en alguna forma de alcance regular y medible antes de buscar aprobaci\u00f3n para proceder al siguiente paso.<\/li>\n<li>Este paso <b><i><u>no<\/u><\/i><\/b> necesita aprobaci\u00f3n previa de la Junta Distrital o NAM, pero la comunicaci\u00f3n es vital para la posibilidad futura de un punto de predicaci\u00f3n y plantaci\u00f3n de iglesia.<\/li>\n<li>El pastor de la iglesia local donde comienza esta extensi\u00f3n ser\u00e1 responsable de la comunicaci\u00f3n continua con el Presb\u00edtero Seccional y el Director Seccional de Misiones Norteamericanas. La comunicaci\u00f3n es vital si el deseo final es plantar una nueva obra. <\/li>\n<li><span class=\"clovercustom\"> <\/span>Todas las actividades de Extensi\u00f3n de Evangelismo estar\u00e1n bajo la supervisi\u00f3n del pastor de la iglesia patrocinadora.<\/li>\n<\/ul>\n<p>[\/et_pb_text][et_pb_heading title=\u00bbPunto de predicaci\u00f3n\u00bb _builder_version=\u00bb4.27.4&#8243; _module_preset=\u00bbdefault\u00bb title_font=\u00bb|800|||||||\u00bb title_text_align=\u00bbcenter\u00bb title_text_color=\u00bb#000000&#8243; title_font_size=\u00bb33px\u00bb custom_margin=\u00bb||7px|||\u00bb title_font_size_tablet=\u00bb33px\u00bb title_font_size_phone=\u00bb57px\u00bb title_font_size_last_edited=\u00bbon|phone\u00bb global_colors_info=\u00bb{}\u00bb][\/et_pb_heading][et_pb_text _builder_version=\u00bb4.27.4&#8243; _module_preset=\u00bbf6648b00-756c-4f1e-9643-946bb68e231c\u00bb text_font=\u00bb&#8211;et_global_heading_font||||||||\u00bb global_colors_info=\u00bb{}\u00bb]<\/p>\n<ul>\n<li style=\"list-style-type: none;\">\n<ul>\n<li>Un <i>Punto de Predicaci\u00f3n<\/i> es un servicio programado regularmente, t\u00edpicamente una vez por semana o al menos una vez al mes, que presenta predicaci\u00f3n. En este punto, seg\u00fan la pol\u00edtica de la UPCI, debe haber una solicitud con aprobaci\u00f3n del Distrito. <\/li>\n<li>El pastor de la iglesia que desea un Punto de Predicaci\u00f3n debe contactar a su Presb\u00edtero para indagar sobre la ciudad, y luego ese pastor debe contactar al Director Distrital de Misiones Norteamericanas para obtener una \u201c<a href=\"https:\/\/missourinam.com\/applications\/preaching-point\" data-location=\"existing\" data-detail=\"776205\" data-category=\"link\" target=\"_self\" class=\"cloverlinks\">Solicitud de Punto de Predicaci\u00f3n<\/a>.\u201d<\/li>\n<li>El Comit\u00e9 Distrital de Misiones Norteamericanas de Colorado consiste en el superintendente del distrito, el director distrital de NAM, el presb\u00edtero seccional y el director seccional de NAM. Este grupo puede aprobar cualquier Punto de Predicaci\u00f3n donde no haya actualmente una iglesia de la UPC. Si hay una Iglesia de la UPC, entonces se requiere la aprobaci\u00f3n de la Junta Distrital.  <\/li>\n<li>Un punto de predicaci\u00f3n no es un compromiso firme para iniciar una iglesia, pero es un esfuerzo declarado para explorar la posibilidad, y por lo tanto es importante considerar el \u00e1rea objetivo propuesta y la opini\u00f3n de cualquier pastor vecino.<\/li>\n<li>Un punto de predicaci\u00f3n es distinto de la iglesia madre en cuanto a ubicaci\u00f3n o idioma y est\u00e1 dise\u00f1ado para alcanzar a personas que actualmente no asisten a la iglesia.<\/li>\n<\/ul>\n<\/li>\n<\/ul>\n<p>[\/et_pb_text][et_pb_button button_url=\u00bbhttps:\/\/co-nam.com\/es\/solicitud-para-punto-de-predicacion\/\u00bb url_new_window=\u00bbon\u00bb button_text=\u00bbSolicitud \u00bb button_alignment=\u00bbcenter\u00bb _builder_version=\u00bb4.27.4&#8243; _module_preset=\u00bbdefault\u00bb custom_button=\u00bbon\u00bb button_text_color=\u00bb#FFFFFF\u00bb button_bg_color=\u00bb#308c15&#8243; button_border_radius=\u00bb20px\u00bb global_colors_info=\u00bb{}\u00bb][\/et_pb_button][et_pb_heading title=\u00bbObra hija\u00bb _builder_version=\u00bb4.27.4&#8243; _module_preset=\u00bbdefault\u00bb title_font=\u00bb|800|||||||\u00bb title_text_align=\u00bbcenter\u00bb title_text_color=\u00bb#000000&#8243; title_font_size=\u00bb33px\u00bb custom_margin=\u00bb||7px|||\u00bb title_font_size_tablet=\u00bb33px\u00bb title_font_size_phone=\u00bb57px\u00bb title_font_size_last_edited=\u00bbon|phone\u00bb global_colors_info=\u00bb{}\u00bb][\/et_pb_heading][et_pb_text _builder_version=\u00bb4.27.4&#8243; _module_preset=\u00bbf6648b00-756c-4f1e-9643-946bb68e231c\u00bb text_font=\u00bb&#8211;et_global_heading_font||||||||\u00bb global_colors_info=\u00bb{}\u00bb]<\/p>\n<ul>\n<li style=\"list-style-type: none;\">\n<ul>\n<li>Una congregaci\u00f3n hija es una congregaci\u00f3n que se ha reunido durante al menos tres meses, y es el resultado de los esfuerzos concertados de una iglesia madre establecida para plantar una nueva congregaci\u00f3n, y celebra al menos un servicio por semana aparte de la iglesia madre, y est\u00e1 bajo la supervisi\u00f3n general del pastor de la iglesia madre.<\/li>\n<li>Una congregaci\u00f3n hija debe tener la aprobaci\u00f3n del Comit\u00e9 Ejecutivo de Misiones Norteamericanas del Distrito (de acuerdo con el Manual de la UPCI) o de la Junta Distrital antes de que puedan ser incluidas en el Directorio anual de la UPCI.<\/li>\n<li>Tenga en cuenta que una solicitud de Obra Hija solo debe ser completada por el Pastor de la Iglesia Madre.<\/li>\n<li>La intenci\u00f3n declarada de una obra hija es plantar una nueva iglesia que eventualmente se volver\u00e1 aut\u00f3noma.<\/li>\n<\/ul>\n<\/li>\n<\/ul>\n<p>[\/et_pb_text][et_pb_button button_url=\u00bbhttps:\/\/co-nam.com\/es\/trabajohija\/\u00bb url_new_window=\u00bbon\u00bb button_text=\u00bbSolicitud \u00bb button_alignment=\u00bbcenter\u00bb _builder_version=\u00bb4.27.4&#8243; _module_preset=\u00bbdefault\u00bb custom_button=\u00bbon\u00bb button_text_color=\u00bb#FFFFFF\u00bb button_bg_color=\u00bb#308c15&#8243; button_border_radius=\u00bb20px\u00bb global_colors_info=\u00bb{}\u00bb][\/et_pb_button][et_pb_heading title=\u00bbEstado de misiones norteamericanas\u00bb _builder_version=\u00bb4.27.4&#8243; _module_preset=\u00bbdefault\u00bb title_font=\u00bb|800|||||||\u00bb title_text_align=\u00bbcenter\u00bb title_text_color=\u00bb#000000&#8243; title_font_size=\u00bb33px\u00bb custom_margin=\u00bb||7px|||\u00bb title_font_size_tablet=\u00bb33px\u00bb title_font_size_phone=\u00bb57px\u00bb title_font_size_last_edited=\u00bbon|phone\u00bb global_colors_info=\u00bb{}\u00bb][\/et_pb_heading][et_pb_text _builder_version=\u00bb4.27.4&#8243; _module_preset=\u00bbf6648b00-756c-4f1e-9643-946bb68e231c\u00bb text_font=\u00bb&#8211;et_global_heading_font||||||||\u00bb global_colors_info=\u00bb{}\u00bb]<\/p>\n<ul>\n<li style=\"list-style-type: none;\">\n<ul>\n<li>Este paso ocurre cuando: el pastor de la Iglesia Madre siente que la Iglesia Hija est\u00e1 lista para volverse aut\u00f3noma, o alguien desea reunir un equipo utilizando el m\u00e9todo \u201cLAUNCH\u201d y planea realizar servicios de vista previa que conducen a una fecha de lanzamiento con dicho equipo.<\/li>\n<li>La Iglesia Hija deber\u00e1 <a href=\"https:\/\/missourinam.com\/applications\/nam-status\" data-location=\"existing\" data-detail=\"776207\" data-category=\"link\" target=\"_self\" class=\"cloverlinks\">presentar la solicitud completa<\/a> al Director Distrital de Misiones Norteamericanas para su procesamiento.<\/li>\n<li>Este paso requiere una entrevista con el Comit\u00e9 NAM de Colorado, que luego lleva su recomendaci\u00f3n a la Junta Distrital para su aprobaci\u00f3n.<\/li>\n<\/ul>\n<\/li>\n<\/ul>\n<p>[\/et_pb_text][et_pb_button button_url=\u00bbhttps:\/\/co-nam.com\/es\/estatus-nam\/\u00bb url_new_window=\u00bbon\u00bb button_text=\u00bbSolicitud \u00bb button_alignment=\u00bbcenter\u00bb _builder_version=\u00bb4.27.4&#8243; _module_preset=\u00bbdefault\u00bb custom_button=\u00bbon\u00bb button_text_color=\u00bb#FFFFFF\u00bb button_bg_color=\u00bb#308c15&#8243; button_border_radius=\u00bb20px\u00bb global_colors_info=\u00bb{}\u00bb][\/et_pb_button][et_pb_heading title=\u00bbObra aut\u00f3noma\u00bb _builder_version=\u00bb4.27.4&#8243; _module_preset=\u00bbdefault\u00bb title_font=\u00bb|800|||||||\u00bb title_text_align=\u00bbcenter\u00bb title_text_color=\u00bb#000000&#8243; title_font_size=\u00bb33px\u00bb custom_margin=\u00bb||7px|||\u00bb title_font_size_tablet=\u00bb33px\u00bb title_font_size_phone=\u00bb57px\u00bb title_font_size_last_edited=\u00bbon|phone\u00bb global_colors_info=\u00bb{}\u00bb][\/et_pb_heading][et_pb_text _builder_version=\u00bb4.27.4&#8243; _module_preset=\u00bbf6648b00-756c-4f1e-9643-946bb68e231c\u00bb text_font=\u00bb&#8211;et_global_heading_font||||||||\u00bb global_colors_info=\u00bb{}\u00bb]<\/p>\n<ul>\n<li>Consulte el Manual de la UPCI &#8211; Art\u00edculo XVIII para una descripci\u00f3n detallada sobre c\u00f3mo establecer una iglesia para el estado aut\u00f3nomo (tambi\u00e9n se detalla en profundidad en el Formulario de Pol\u00edtica adjunto que puede encontrar haciendo clic en el enlace a continuaci\u00f3n).<\/li>\n<\/ul>\n<p>[\/et_pb_text][et_pb_button button_url=\u00bbhttps:\/\/co-nam.com\/wp-content\/uploads\/2025\/03\/Colorado-NAM-Policy-Master.pdf\u00bb url_new_window=\u00bbon\u00bb button_text=\u00bbPol\u00edtica\u00bb button_alignment=\u00bbcenter\u00bb _builder_version=\u00bb4.27.4&#8243; _module_preset=\u00bbdefault\u00bb custom_button=\u00bbon\u00bb button_text_color=\u00bb#FFFFFF\u00bb button_bg_color=\u00bb#308c15&#8243; button_border_radius=\u00bb20px\u00bb hover_enabled=\u00bb0&#8243; global_colors_info=\u00bb{}\u00bb sticky_enabled=\u00bb0&#8243;][\/et_pb_button][et_pb_button button_url=\u00bbhttps:\/\/co-nam.com\/wp-content\/uploads\/2025\/03\/2025upcimanualforbookmarks.pdf\u00bb url_new_window=\u00bbon\u00bb button_text=\u00bbManual de la UPCI 2025&#8243; button_alignment=\u00bbcenter\u00bb _builder_version=\u00bb4.27.4&#8243; _module_preset=\u00bbdefault\u00bb custom_button=\u00bbon\u00bb button_text_color=\u00bb#FFFFFF\u00bb button_bg_color=\u00bb#308c15&#8243; button_border_radius=\u00bb20px\u00bb global_colors_info=\u00bb{}\u00bb][\/et_pb_button][et_pb_heading title=\u00bbV\u00eddeo esclarecedor sobre el trabajo aut\u00f3nomo\u00bb _builder_version=\u00bb4.27.4&#8243; _module_preset=\u00bbdefault\u00bb title_font=\u00bb|800|||||||\u00bb title_text_align=\u00bbcenter\u00bb title_text_color=\u00bb#000000&#8243; title_font_size=\u00bb33px\u00bb custom_margin=\u00bb||7px|||\u00bb title_font_size_tablet=\u00bb33px\u00bb title_font_size_phone=\u00bb57px\u00bb title_font_size_last_edited=\u00bbon|phone\u00bb global_colors_info=\u00bb{}\u00bb][\/et_pb_heading][et_pb_video src=\u00bbhttps:\/\/youtu.be\/_WbGHOpHOek?feature=shared\u00bb _builder_version=\u00bb4.27.4&#8243; _module_preset=\u00bbdefault\u00bb global_colors_info=\u00bb{}\u00bb][\/et_pb_video][\/et_pb_column][\/et_pb_row][\/et_pb_section]<\/p>\n","protected":false},"excerpt":{"rendered":"<p>\u00a1Estamos entusiasmados de plantar iglesias e iniciar nuevas obras en todo Colorado! Siguiendo la sabidur\u00eda del Ap\u00f3stol Pablo en 1 Corintios 14:40, quien dijo, \u201ch\u00e1gase todo decentemente y con orden,\u201d nos hemos asegurado de que el proceso sea claro, intencional y bien organizado. Estamos aqu\u00ed para apoyarle en cada paso del camino mientras responde al [&hellip;]<\/p>\n","protected":false},"author":1,"featured_media":0,"parent":0,"menu_order":0,"comment_status":"closed","ping_status":"closed","template":"","meta":{"_et_pb_use_builder":"on","_et_pb_old_content":"","_et_gb_content_width":"","footnotes":""},"class_list":["post-893","page","type-page","status-publish","hentry"],"_links":{"self":[{"href":"https:\/\/co-nam.com\/es\/wp-json\/wp\/v2\/pages\/893","targetHints":{"allow":["GET"]}}],"collection":[{"href":"https:\/\/co-nam.com\/es\/wp-json\/wp\/v2\/pages"}],"about":[{"href":"https:\/\/co-nam.com\/es\/wp-json\/wp\/v2\/types\/page"}],"author":[{"embeddable":true,"href":"https:\/\/co-nam.com\/es\/wp-json\/wp\/v2\/users\/1"}],"replies":[{"embeddable":true,"href":"https:\/\/co-nam.com\/es\/wp-json\/wp\/v2\/comments?post=893"}],"version-history":[{"count":1,"href":"https:\/\/co-nam.com\/es\/wp-json\/wp\/v2\/pages\/893\/revisions"}],"predecessor-version":[{"id":894,"href":"https:\/\/co-nam.com\/es\/wp-json\/wp\/v2\/pages\/893\/revisions\/894"}],"wp:attachment":[{"href":"https:\/\/co-nam.com\/es\/wp-json\/wp\/v2\/media?parent=893"}],"curies":[{"name":"wp","href":"https:\/\/api.w.org\/{rel}","templated":true}]}}